{"id":3710,"date":"2024-11-14T13:55:58","date_gmt":"2024-11-14T13:55:58","guid":{"rendered":"https:\/\/maldasingularhotel.com\/?page_id=3710"},"modified":"2025-09-19T10:35:31","modified_gmt":"2025-09-19T10:35:31","slug":"services","status":"publish","type":"page","link":"https:\/\/maldasingularhotel.com\/fr\/services\/","title":{"rendered":"Services"},"content":{"rendered":"\t\t<div data-elementor-type=\"wp-page\" data-elementor-id=\"3710\" class=\"elementor elementor-3710 elementor-3232\" data-elementor-post-type=\"page\">\n\t\t\t\t<div class=\"elementor-element elementor-element-4f55979 e-con-full e-flex e-con e-parent\" data-id=\"4f55979\" data-element_type=\"container\" data-settings=\"{&quot;background_background&quot;:&quot;classic&quot;}\">\n\t\t\t\t<div class=\"elementor-element elementor-element-8670fc6 elementor-widget elementor-widget-image\" data-id=\"8670fc6\" data-element_type=\"widget\" data-widget_type=\"image.default\">\n\t\t\t\t<div class=\"elementor-widget-container\">\n\t\t\t\t\t\t\t\t\t\t\t\t\t\t\t<img decoding=\"async\" src=\"https:\/\/maldasingularhotel.com\/wp-content\/uploads\/elementor\/thumbs\/malda-light-pld8ysacgbcmphbsx8o4q3g8v0duvs0suvxlmo9p0y.png\" title=\"malda-light\" alt=\"malda-light\" loading=\"lazy\" \/>\t\t\t\t\t\t\t\t\t\t\t\t\t\t\t<\/div>\n\t\t\t\t<\/div>\n\t\t\t\t<\/div>\n\t\t<div class=\"elementor-element elementor-element-6054168 e-flex e-con-boxed e-con e-parent\" data-id=\"6054168\" data-element_type=\"container\">\n\t\t\t\t\t<div class=\"e-con-inner\">\n\t\t\t\t<div class=\"elementor-element elementor-element-c2d5895 elementor-widget elementor-widget-heading\" data-id=\"c2d5895\" data-element_type=\"widget\" data-widget_type=\"heading.default\">\n\t\t\t\t<div class=\"elementor-widget-container\">\n\t\t\t\t\t<h3 class=\"elementor-heading-title elementor-size-default\">Services<\/h3>\t\t\t\t<\/div>\n\t\t\t\t<\/div>\n\t\t\t\t<div class=\"elementor-element elementor-element-7e8a126 elementor-widget-divider--view-line elementor-widget elementor-widget-divider\" data-id=\"7e8a126\" data-element_type=\"widget\" data-widget_type=\"divider.default\">\n\t\t\t\t<div class=\"elementor-widget-container\">\n\t\t\t\t\t\t\t<div class=\"elementor-divider\">\n\t\t\t<span class=\"elementor-divider-separator\">\n\t\t\t\t\t\t<\/span>\n\t\t<\/div>\n\t\t\t\t\t\t<\/div>\n\t\t\t\t<\/div>\n\t\t\t\t\t<\/div>\n\t\t\t\t<\/div>\n\t\t<div class=\"elementor-element elementor-element-09e017d e-flex e-con-boxed e-con e-parent\" data-id=\"09e017d\" data-element_type=\"container\">\n\t\t\t\t\t<div class=\"e-con-inner\">\n\t\t\t\t<div class=\"elementor-element elementor-element-8f8846d elementor-widget elementor-widget-text-editor\" data-id=\"8f8846d\" data-element_type=\"widget\" data-widget_type=\"text-editor.default\">\n\t\t\t\t<div class=\"elementor-widget-container\">\n\t\t\t\t\t\t\t\t\t<p>Chez\u00a0<strong>Mald\u00e0 Singular Hotel,<\/strong>\u00a0nous d\u00e9sirons que nos clients passent un s\u00e9jour unique au cours duquel ils n\u2019auront qu\u2019\u00e0 se pr\u00e9occuper de profiter au maximum de leur s\u00e9jour. C\u2019est dans cette optique que nous proposons la liste de services suivants :<\/p>\t\t\t\t\t\t\t\t<\/div>\n\t\t\t\t<\/div>\n\t\t\t\t\t<\/div>\n\t\t\t\t<\/div>\n\t\t<div class=\"elementor-element elementor-element-8400364 e-flex e-con-boxed e-con e-parent\" data-id=\"8400364\" data-element_type=\"container\">\n\t\t\t\t\t<div class=\"e-con-inner\">\n\t\t<div class=\"elementor-element elementor-element-32ebe87 e-con-full e-flex e-con e-child\" data-id=\"32ebe87\" data-element_type=\"container\">\n\t\t\t\t<div class=\"elementor-element elementor-element-53c1b79 elementor-widget elementor-widget-text-editor\" data-id=\"53c1b79\" data-element_type=\"widget\" data-widget_type=\"text-editor.default\">\n\t\t\t\t<div class=\"elementor-widget-container\">\n\t\t\t\t\t\t\t\t\t<div class=\"wpb_text_column wpb_content_element blue-dark\"><p><img decoding=\"async\" class=\"alignnone size-full wp-image-210\" src=\"https:\/\/maldasingularhotel.com\/wp-content\/uploads\/2018\/07\/parking.png\" alt=\"\" width=\"66\" height=\"66\" srcset=\"https:\/\/maldasingularhotel.com\/wp-content\/uploads\/2018\/07\/parking.png 66w, https:\/\/maldasingularhotel.com\/wp-content\/uploads\/2018\/07\/elementor\/thumbs\/parking.png 200w\" sizes=\"(max-width: 66px) 100vw, 66px\" \/><\/p><div class=\"wpb_wrapper\"><div class=\"wpb_text_column wpb_content_element blue-dark\"><div class=\"wpb_wrapper\"><h5><strong>Parking payant<\/strong><\/h5><\/div><\/div><\/div><\/div><div class=\"vc_empty_space\">\u00a0<\/div>\t\t\t\t\t\t\t\t<\/div>\n\t\t\t\t<\/div>\n\t\t\t\t<\/div>\n\t\t<div class=\"elementor-element elementor-element-3ca8611 e-con-full e-flex e-con e-child\" data-id=\"3ca8611\" data-element_type=\"container\">\n\t\t\t\t<div class=\"elementor-element elementor-element-f0fb125 elementor-widget elementor-widget-text-editor\" data-id=\"f0fb125\" data-element_type=\"widget\" data-widget_type=\"text-editor.default\">\n\t\t\t\t<div class=\"elementor-widget-container\">\n\t\t\t\t\t\t\t\t\t<div class=\"wpb_text_column wpb_content_element blue-dark\"><p><img decoding=\"async\" class=\"alignnone size-full wp-image-194\" src=\"https:\/\/maldasingularhotel.com\/wp-content\/uploads\/2018\/07\/24-hours-reception.png\" alt=\"\" width=\"66\" height=\"66\" \/><\/p><div class=\"wpb_wrapper\"><h5><strong>R\u00e9ception 24h\/24<\/strong><\/h5><\/div><\/div><div class=\"vc_empty_space\">\u00a0<\/div>\t\t\t\t\t\t\t\t<\/div>\n\t\t\t\t<\/div>\n\t\t\t\t<\/div>\n\t\t<div class=\"elementor-element elementor-element-838ea91 e-con-full e-flex e-con e-child\" data-id=\"838ea91\" data-element_type=\"container\">\n\t\t\t\t<div class=\"elementor-element elementor-element-63df9f6 elementor-widget elementor-widget-text-editor\" data-id=\"63df9f6\" data-element_type=\"widget\" data-widget_type=\"text-editor.default\">\n\t\t\t\t<div class=\"elementor-widget-container\">\n\t\t\t\t\t\t\t\t\t<div class=\"wpb_text_column wpb_content_element blue-dark\"><p><img decoding=\"async\" class=\"alignnone size-full wp-image-204\" src=\"https:\/\/maldasingularhotel.com\/wp-content\/uploads\/2018\/07\/medical-assistance.png\" alt=\"\" width=\"66\" height=\"66\" \/><\/p><div class=\"wpb_wrapper\"><h5><strong>Assistance m\u00e9dicale<\/strong><\/h5><\/div><\/div><div class=\"vc_empty_space\">\u00a0<\/div>\t\t\t\t\t\t\t\t<\/div>\n\t\t\t\t<\/div>\n\t\t\t\t<\/div>\n\t\t\t\t\t<\/div>\n\t\t\t\t<\/div>\n\t\t<div class=\"elementor-element elementor-element-940234f e-flex e-con-boxed e-con e-parent\" data-id=\"940234f\" data-element_type=\"container\">\n\t\t\t\t\t<div class=\"e-con-inner\">\n\t\t<div class=\"elementor-element elementor-element-f1baf67 e-con-full e-flex e-con e-child\" data-id=\"f1baf67\" data-element_type=\"container\">\n\t\t\t\t<div class=\"elementor-element elementor-element-22f8888 elementor-widget elementor-widget-text-editor\" data-id=\"22f8888\" data-element_type=\"widget\" data-widget_type=\"text-editor.default\">\n\t\t\t\t<div class=\"elementor-widget-container\">\n\t\t\t\t\t\t\t\t\t<div class=\"wpb_text_column wpb_content_element blue-dark\"><p><img loading=\"lazy\" decoding=\"async\" class=\"alignnone size-full wp-image-212\" src=\"https:\/\/maldasingularhotel.com\/wp-content\/uploads\/2018\/07\/personal-shopper.png\" alt=\"\" width=\"66\" height=\"66\" \/><\/p><div class=\"wpb_wrapper\"><h5><strong>Conciergerie (Personal shopper, trainer, etc)<\/strong><\/h5><\/div><\/div><div class=\"vc_empty_space\">\u00a0<\/div>\t\t\t\t\t\t\t\t<\/div>\n\t\t\t\t<\/div>\n\t\t\t\t<\/div>\n\t\t<div class=\"elementor-element elementor-element-5c74191 e-con-full e-flex e-con e-child\" data-id=\"5c74191\" data-element_type=\"container\">\n\t\t\t\t<div class=\"elementor-element elementor-element-ec5feb2 elementor-widget elementor-widget-text-editor\" data-id=\"ec5feb2\" data-element_type=\"widget\" data-widget_type=\"text-editor.default\">\n\t\t\t\t<div class=\"elementor-widget-container\">\n\t\t\t\t\t\t\t\t\t<div class=\"wpb_text_column wpb_content_element blue-dark\"><p><img loading=\"lazy\" decoding=\"async\" class=\"alignnone size-full wp-image-222\" src=\"https:\/\/maldasingularhotel.com\/wp-content\/uploads\/2018\/07\/taxi.png\" alt=\"\" width=\"66\" height=\"66\" \/><\/p><div class=\"wpb_wrapper\"><h5><strong>Service de taxis<\/strong><\/h5><\/div><\/div><div class=\"vc_empty_space\">\u00a0<\/div>\t\t\t\t\t\t\t\t<\/div>\n\t\t\t\t<\/div>\n\t\t\t\t<\/div>\n\t\t<div class=\"elementor-element elementor-element-7b48599 e-con-full e-flex e-con e-child\" data-id=\"7b48599\" data-element_type=\"container\">\n\t\t\t\t<div class=\"elementor-element elementor-element-67468de elementor-widget elementor-widget-text-editor\" data-id=\"67468de\" data-element_type=\"widget\" data-widget_type=\"text-editor.default\">\n\t\t\t\t<div class=\"elementor-widget-container\">\n\t\t\t\t\t\t\t\t\t<div class=\"wpb_text_column wpb_content_element blue-dark\"><p><img loading=\"lazy\" decoding=\"async\" class=\"alignnone size-full wp-image-196\" src=\"https:\/\/maldasingularhotel.com\/wp-content\/uploads\/2018\/07\/babysitter.png\" alt=\"\" width=\"66\" height=\"66\" \/><\/p><div class=\"wpb_wrapper\"><h5><strong>Service de babysitting<\/strong><\/h5><\/div><\/div><div class=\"vc_empty_space\">\u00a0<\/div>\t\t\t\t\t\t\t\t<\/div>\n\t\t\t\t<\/div>\n\t\t\t\t<\/div>\n\t\t\t\t\t<\/div>\n\t\t\t\t<\/div>\n\t\t<div class=\"elementor-element elementor-element-98a8796 e-flex e-con-boxed e-con e-parent\" data-id=\"98a8796\" data-element_type=\"container\">\n\t\t\t\t\t<div class=\"e-con-inner\">\n\t\t<div class=\"elementor-element elementor-element-2ed925f e-con-full e-flex e-con e-child\" data-id=\"2ed925f\" data-element_type=\"container\">\n\t\t\t\t<div class=\"elementor-element elementor-element-d0a11cc elementor-widget elementor-widget-text-editor\" data-id=\"d0a11cc\" data-element_type=\"widget\" data-widget_type=\"text-editor.default\">\n\t\t\t\t<div class=\"elementor-widget-container\">\n\t\t\t\t\t\t\t\t\t<div class=\"wpb_text_column wpb_content_element blue-dark\"><p><img loading=\"lazy\" decoding=\"async\" class=\"alignnone size-full wp-image-202\" src=\"https:\/\/maldasingularhotel.com\/wp-content\/uploads\/2018\/07\/laundry.png\" alt=\"\" width=\"66\" height=\"66\" \/><\/p><div class=\"wpb_wrapper\"><h5><strong>Blanchisserie<\/strong><\/h5><\/div><\/div><div class=\"vc_empty_space\">\u00a0<\/div>\t\t\t\t\t\t\t\t<\/div>\n\t\t\t\t<\/div>\n\t\t\t\t<\/div>\n\t\t<div class=\"elementor-element elementor-element-9573d2d e-con-full e-flex e-con e-child\" data-id=\"9573d2d\" data-element_type=\"container\">\n\t\t\t\t<div class=\"elementor-element elementor-element-367d2ce elementor-widget elementor-widget-text-editor\" data-id=\"367d2ce\" data-element_type=\"widget\" data-widget_type=\"text-editor.default\">\n\t\t\t\t<div class=\"elementor-widget-container\">\n\t\t\t\t\t\t\t\t\t<div class=\"wpb_text_column wpb_content_element blue-dark\"><p><img loading=\"lazy\" decoding=\"async\" class=\"alignnone size-full wp-image-224\" src=\"https:\/\/maldasingularhotel.com\/wp-content\/uploads\/2018\/07\/transfer-airport.png\" alt=\"\" width=\"66\" height=\"66\" \/><\/p><div class=\"wpb_wrapper\"><h5><strong>Transfert payant<\/strong><\/h5><\/div><\/div><div class=\"vc_empty_space\">\u00a0<\/div>\t\t\t\t\t\t\t\t<\/div>\n\t\t\t\t<\/div>\n\t\t\t\t<\/div>\n\t\t<div class=\"elementor-element elementor-element-a8b8f01 e-con-full e-flex e-con e-child\" data-id=\"a8b8f01\" data-element_type=\"container\">\n\t\t\t\t<div class=\"elementor-element elementor-element-9755bc1 elementor-widget elementor-widget-text-editor\" data-id=\"9755bc1\" data-element_type=\"widget\" data-widget_type=\"text-editor.default\">\n\t\t\t\t<div class=\"elementor-widget-container\">\n\t\t\t\t\t\t\t\t\t<div class=\"wpb_text_column wpb_content_element blue-dark\"><p><img loading=\"lazy\" decoding=\"async\" class=\"alignnone size-full wp-image-214\" src=\"https:\/\/maldasingularhotel.com\/wp-content\/uploads\/2018\/07\/pure-water.png\" alt=\"\" width=\"66\" height=\"66\" \/><\/p><div class=\"wpb_wrapper\"><h5><strong>Eau pure<\/strong><\/h5><\/div><\/div><div class=\"vc_empty_space\">\u00a0<\/div>\t\t\t\t\t\t\t\t<\/div>\n\t\t\t\t<\/div>\n\t\t\t\t<\/div>\n\t\t\t\t\t<\/div>\n\t\t\t\t<\/div>\n\t\t<div class=\"elementor-element elementor-element-35974b4 e-flex e-con-boxed e-con e-parent\" data-id=\"35974b4\" data-element_type=\"container\">\n\t\t\t\t\t<div class=\"e-con-inner\">\n\t\t<div class=\"elementor-element elementor-element-9f328a4 e-con-full e-flex e-con e-child\" data-id=\"9f328a4\" data-element_type=\"container\">\n\t\t\t\t<div class=\"elementor-element elementor-element-f7da3eb elementor-widget elementor-widget-text-editor\" data-id=\"f7da3eb\" data-element_type=\"widget\" data-widget_type=\"text-editor.default\">\n\t\t\t\t<div class=\"elementor-widget-container\">\n\t\t\t\t\t\t\t\t\t<div class=\"wpb_text_column wpb_content_element blue-dark\"><p><img loading=\"lazy\" decoding=\"async\" class=\"alignnone size-full wp-image-228\" src=\"https:\/\/maldasingularhotel.com\/wp-content\/uploads\/2018\/07\/wifi.png\" alt=\"\" width=\"66\" height=\"66\" \/><\/p><div class=\"wpb_wrapper\"><h5><strong>Wifi haut d\u00e9bit<\/strong><\/h5><\/div><\/div><div class=\"vc_empty_space\">\u00a0<\/div>\t\t\t\t\t\t\t\t<\/div>\n\t\t\t\t<\/div>\n\t\t\t\t<\/div>\n\t\t<div class=\"elementor-element elementor-element-c40b835 e-con-full e-flex e-con e-child\" data-id=\"c40b835\" data-element_type=\"container\">\n\t\t\t\t<div class=\"elementor-element elementor-element-d62033c elementor-widget elementor-widget-text-editor\" data-id=\"d62033c\" data-element_type=\"widget\" data-widget_type=\"text-editor.default\">\n\t\t\t\t<div class=\"elementor-widget-container\">\n\t\t\t\t\t\t\t\t\t<div class=\"wpb_text_column wpb_content_element blue-dark\"><p><img loading=\"lazy\" decoding=\"async\" class=\"alignnone size-full wp-image-220\" src=\"https:\/\/maldasingularhotel.com\/wp-content\/uploads\/2018\/07\/tablets.png\" alt=\"\" width=\"66\" height=\"66\" \/><\/p><div class=\"wpb_wrapper\"><h5><strong>Tablettes<\/strong><\/h5><\/div><\/div><div class=\"vc_empty_space\">\u00a0<\/div>\t\t\t\t\t\t\t\t<\/div>\n\t\t\t\t<\/div>\n\t\t\t\t<\/div>\n\t\t<div class=\"elementor-element elementor-element-b33b074 e-con-full e-flex e-con e-child\" data-id=\"b33b074\" data-element_type=\"container\">\n\t\t\t\t<div class=\"elementor-element elementor-element-942305e elementor-widget elementor-widget-text-editor\" data-id=\"942305e\" data-element_type=\"widget\" data-widget_type=\"text-editor.default\">\n\t\t\t\t<div class=\"elementor-widget-container\">\n\t\t\t\t\t\t\t\t\t<div class=\"wpb_text_column wpb_content_element blue-dark\"><p><img loading=\"lazy\" decoding=\"async\" class=\"alignnone size-full wp-image-218\" src=\"https:\/\/maldasingularhotel.com\/wp-content\/uploads\/2018\/07\/smart-tv.png\" alt=\"\" width=\"66\" height=\"66\" \/><\/p><div class=\"wpb_wrapper\"><h5><strong>Smart TV<\/strong><\/h5><\/div><\/div><div class=\"vc_empty_space\">\u00a0<\/div>\t\t\t\t\t\t\t\t<\/div>\n\t\t\t\t<\/div>\n\t\t\t\t<\/div>\n\t\t\t\t\t<\/div>\n\t\t\t\t<\/div>\n\t\t\t\t<\/div>\n\t\t","protected":false},"excerpt":{"rendered":"<p>Services Chez\u00a0Mald\u00e0 Singular Hotel,\u00a0nous d\u00e9sirons que nos clients passent un s\u00e9jour unique au cours duquel ils n\u2019auront qu\u2019\u00e0 se pr\u00e9occuper de profiter au maximum de leur s\u00e9jour. C\u2019est dans cette optique que nous proposons la liste de services suivants : Parking payant \u00a0 R\u00e9ception 24h\/24 \u00a0 Assistance m\u00e9dicale \u00a0 Conciergerie (Personal shopper, trainer, etc) \u00a0 [&hellip;]<\/p>\n","protected":false},"author":1,"featured_media":0,"parent":0,"menu_order":0,"comment_status":"closed","ping_status":"closed","template":"elementor_header_footer","meta":{"footnotes":""},"class_list":["post-3710","page","type-page","status-publish","hentry"],"yoast_head":"<!-- This site is optimized with the Yoast SEO plugin v27.3 - https:\/\/yoast.com\/product\/yoast-seo-wordpress\/ -->\n<title>Services | Malda Singular Hotel<\/title>\n<meta name=\"robots\" content=\"index, follow, max-snippet:-1, max-image-preview:large, max-video-preview:-1\" \/>\n<link rel=\"canonical\" href=\"https:\/\/maldasingularhotel.com\/fr\/services\/\" \/>\n<meta property=\"og:locale\" content=\"fr_FR\" \/>\n<meta property=\"og:type\" content=\"article\" \/>\n<meta property=\"og:title\" content=\"Services | Malda Singular Hotel\" \/>\n<meta property=\"og:description\" content=\"Services Chez\u00a0Mald\u00e0 Singular Hotel,\u00a0nous d\u00e9sirons que nos clients passent un s\u00e9jour unique au cours duquel ils n\u2019auront qu\u2019\u00e0 se pr\u00e9occuper de profiter au maximum de leur s\u00e9jour. C\u2019est dans cette optique que nous proposons la liste de services suivants : Parking payant \u00a0 R\u00e9ception 24h\/24 \u00a0 Assistance m\u00e9dicale \u00a0 Conciergerie (Personal shopper, trainer, etc) \u00a0 [&hellip;]\" \/>\n<meta property=\"og:url\" content=\"https:\/\/maldasingularhotel.com\/fr\/services\/\" \/>\n<meta property=\"og:site_name\" content=\"Malda Singular Hotel\" \/>\n<meta property=\"article:modified_time\" content=\"2025-09-19T10:35:31+00:00\" \/>\n<meta property=\"og:image\" content=\"https:\/\/maldasingularhotel.com\/wp-content\/uploads\/elementor\/thumbs\/malda-light-pld8ysacgbcmphbsx8o4q3g8v0duvs0suvxlmo9p0y.png\" \/>\n<meta name=\"twitter:card\" content=\"summary_large_image\" \/>\n<meta name=\"twitter:label1\" content=\"Dur\u00e9e de lecture estim\u00e9e\" \/>\n\t<meta name=\"twitter:data1\" content=\"3 minutes\" \/>\n<script type=\"application\/ld+json\" class=\"yoast-schema-graph\">{\"@context\":\"https:\\\/\\\/schema.org\",\"@graph\":[{\"@type\":\"WebPage\",\"@id\":\"https:\\\/\\\/maldasingularhotel.com\\\/fr\\\/services\\\/\",\"url\":\"https:\\\/\\\/maldasingularhotel.com\\\/fr\\\/services\\\/\",\"name\":\"Services | Malda Singular Hotel\",\"isPartOf\":{\"@id\":\"https:\\\/\\\/maldasingularhotel.com\\\/#website\"},\"primaryImageOfPage\":{\"@id\":\"https:\\\/\\\/maldasingularhotel.com\\\/fr\\\/services\\\/#primaryimage\"},\"image\":{\"@id\":\"https:\\\/\\\/maldasingularhotel.com\\\/fr\\\/services\\\/#primaryimage\"},\"thumbnailUrl\":\"https:\\\/\\\/maldasingularhotel.com\\\/wp-content\\\/uploads\\\/elementor\\\/thumbs\\\/malda-light-pld8ysacgbcmphbsx8o4q3g8v0duvs0suvxlmo9p0y.png\",\"datePublished\":\"2024-11-14T13:55:58+00:00\",\"dateModified\":\"2025-09-19T10:35:31+00:00\",\"inLanguage\":\"fr-FR\",\"potentialAction\":[{\"@type\":\"ReadAction\",\"target\":[\"https:\\\/\\\/maldasingularhotel.com\\\/fr\\\/services\\\/\"]}]},{\"@type\":\"ImageObject\",\"inLanguage\":\"fr-FR\",\"@id\":\"https:\\\/\\\/maldasingularhotel.com\\\/fr\\\/services\\\/#primaryimage\",\"url\":\"https:\\\/\\\/maldasingularhotel.com\\\/wp-content\\\/uploads\\\/elementor\\\/thumbs\\\/malda-light-pld8ysacgbcmphbsx8o4q3g8v0duvs0suvxlmo9p0y.png\",\"contentUrl\":\"https:\\\/\\\/maldasingularhotel.com\\\/wp-content\\\/uploads\\\/elementor\\\/thumbs\\\/malda-light-pld8ysacgbcmphbsx8o4q3g8v0duvs0suvxlmo9p0y.png\"},{\"@type\":\"WebSite\",\"@id\":\"https:\\\/\\\/maldasingularhotel.com\\\/#website\",\"url\":\"https:\\\/\\\/maldasingularhotel.com\\\/\",\"name\":\"Malda Singular Hotel\",\"description\":\"Hotel Boutique en Barcelona\",\"potentialAction\":[{\"@type\":\"SearchAction\",\"target\":{\"@type\":\"EntryPoint\",\"urlTemplate\":\"https:\\\/\\\/maldasingularhotel.com\\\/?s={search_term_string}\"},\"query-input\":{\"@type\":\"PropertyValueSpecification\",\"valueRequired\":true,\"valueName\":\"search_term_string\"}}],\"inLanguage\":\"fr-FR\"}]}<\/script>\n<!-- \/ Yoast SEO plugin. -->","yoast_head_json":{"title":"Services | Malda Singular Hotel","robots":{"index":"index","follow":"follow","max-snippet":"max-snippet:-1","max-image-preview":"max-image-preview:large","max-video-preview":"max-video-preview:-1"},"canonical":"https:\/\/maldasingularhotel.com\/fr\/services\/","og_locale":"fr_FR","og_type":"article","og_title":"Services | Malda Singular Hotel","og_description":"Services Chez\u00a0Mald\u00e0 Singular Hotel,\u00a0nous d\u00e9sirons que nos clients passent un s\u00e9jour unique au cours duquel ils n\u2019auront qu\u2019\u00e0 se pr\u00e9occuper de profiter au maximum de leur s\u00e9jour. C\u2019est dans cette optique que nous proposons la liste de services suivants : Parking payant \u00a0 R\u00e9ception 24h\/24 \u00a0 Assistance m\u00e9dicale \u00a0 Conciergerie (Personal shopper, trainer, etc) \u00a0 [&hellip;]","og_url":"https:\/\/maldasingularhotel.com\/fr\/services\/","og_site_name":"Malda Singular Hotel","article_modified_time":"2025-09-19T10:35:31+00:00","og_image":[{"url":"https:\/\/maldasingularhotel.com\/wp-content\/uploads\/elementor\/thumbs\/malda-light-pld8ysacgbcmphbsx8o4q3g8v0duvs0suvxlmo9p0y.png","type":"","width":"","height":""}],"twitter_card":"summary_large_image","twitter_misc":{"Dur\u00e9e de lecture estim\u00e9e":"3 minutes"},"schema":{"@context":"https:\/\/schema.org","@graph":[{"@type":"WebPage","@id":"https:\/\/maldasingularhotel.com\/fr\/services\/","url":"https:\/\/maldasingularhotel.com\/fr\/services\/","name":"Services | Malda Singular Hotel","isPartOf":{"@id":"https:\/\/maldasingularhotel.com\/#website"},"primaryImageOfPage":{"@id":"https:\/\/maldasingularhotel.com\/fr\/services\/#primaryimage"},"image":{"@id":"https:\/\/maldasingularhotel.com\/fr\/services\/#primaryimage"},"thumbnailUrl":"https:\/\/maldasingularhotel.com\/wp-content\/uploads\/elementor\/thumbs\/malda-light-pld8ysacgbcmphbsx8o4q3g8v0duvs0suvxlmo9p0y.png","datePublished":"2024-11-14T13:55:58+00:00","dateModified":"2025-09-19T10:35:31+00:00","inLanguage":"fr-FR","potentialAction":[{"@type":"ReadAction","target":["https:\/\/maldasingularhotel.com\/fr\/services\/"]}]},{"@type":"ImageObject","inLanguage":"fr-FR","@id":"https:\/\/maldasingularhotel.com\/fr\/services\/#primaryimage","url":"https:\/\/maldasingularhotel.com\/wp-content\/uploads\/elementor\/thumbs\/malda-light-pld8ysacgbcmphbsx8o4q3g8v0duvs0suvxlmo9p0y.png","contentUrl":"https:\/\/maldasingularhotel.com\/wp-content\/uploads\/elementor\/thumbs\/malda-light-pld8ysacgbcmphbsx8o4q3g8v0duvs0suvxlmo9p0y.png"},{"@type":"WebSite","@id":"https:\/\/maldasingularhotel.com\/#website","url":"https:\/\/maldasingularhotel.com\/","name":"Malda Singular Hotel","description":"Hotel Boutique en Barcelona","potentialAction":[{"@type":"SearchAction","target":{"@type":"EntryPoint","urlTemplate":"https:\/\/maldasingularhotel.com\/?s={search_term_string}"},"query-input":{"@type":"PropertyValueSpecification","valueRequired":true,"valueName":"search_term_string"}}],"inLanguage":"fr-FR"}]}},"_links":{"self":[{"href":"https:\/\/maldasingularhotel.com\/fr\/wp-json\/wp\/v2\/pages\/3710","targetHints":{"allow":["GET"]}}],"collection":[{"href":"https:\/\/maldasingularhotel.com\/fr\/wp-json\/wp\/v2\/pages"}],"about":[{"href":"https:\/\/maldasingularhotel.com\/fr\/wp-json\/wp\/v2\/types\/page"}],"author":[{"embeddable":true,"href":"https:\/\/maldasingularhotel.com\/fr\/wp-json\/wp\/v2\/users\/1"}],"replies":[{"embeddable":true,"href":"https:\/\/maldasingularhotel.com\/fr\/wp-json\/wp\/v2\/comments?post=3710"}],"version-history":[{"count":13,"href":"https:\/\/maldasingularhotel.com\/fr\/wp-json\/wp\/v2\/pages\/3710\/revisions"}],"predecessor-version":[{"id":4484,"href":"https:\/\/maldasingularhotel.com\/fr\/wp-json\/wp\/v2\/pages\/3710\/revisions\/4484"}],"wp:attachment":[{"href":"https:\/\/maldasingularhotel.com\/fr\/wp-json\/wp\/v2\/media?parent=3710"}],"curies":[{"name":"wp","href":"https:\/\/api.w.org\/{rel}","templated":true}]}}