{"id":3736,"date":"2024-11-15T11:04:10","date_gmt":"2024-11-15T11:04:10","guid":{"rendered":"https:\/\/maldasingularhotel.com\/?page_id=3736"},"modified":"2025-09-22T08:24:21","modified_gmt":"2025-09-22T08:24:21","slug":"grand-deluxe","status":"publish","type":"page","link":"https:\/\/maldasingularhotel.com\/fr\/chambres\/grand-deluxe\/","title":{"rendered":"Grand Deluxe"},"content":{"rendered":"\t\t<div data-elementor-type=\"wp-page\" data-elementor-id=\"3736\" class=\"elementor elementor-3736 elementor-3283\" data-elementor-post-type=\"page\">\n\t\t\t\t<div class=\"elementor-element elementor-element-82f9a09 e-con-full e-flex e-con e-parent\" data-id=\"82f9a09\" data-element_type=\"container\" data-settings=\"{&quot;background_background&quot;:&quot;classic&quot;}\">\n\t\t\t\t<div class=\"elementor-element elementor-element-864cb74 elementor-widget elementor-widget-heading\" data-id=\"864cb74\" data-element_type=\"widget\" data-widget_type=\"heading.default\">\n\t\t\t\t<div class=\"elementor-widget-container\">\n\t\t\t\t\t<h2 class=\"elementor-heading-title elementor-size-default\">GRAND DELUXE<\/h2>\t\t\t\t<\/div>\n\t\t\t\t<\/div>\n\t\t\t\t<div class=\"elementor-element elementor-element-4ac4189 elementor-align-center elementor-widget elementor-widget-button\" data-id=\"4ac4189\" data-element_type=\"widget\" data-widget_type=\"button.default\">\n\t\t\t\t<div class=\"elementor-widget-container\">\n\t\t\t\t\t\t\t\t\t<div class=\"elementor-button-wrapper\">\n\t\t\t\t\t<a class=\"elementor-button elementor-button-link elementor-size-sm\" href=\"https:\/\/maldasingular.ihotelier.com\/fr\/book\/dates-of-stay?domain=maldasingularhotel.com&#038;LanguageID=3&#038;user_language=fr\" target=\"_blank\">\n\t\t\t\t\t\t<span class=\"elementor-button-content-wrapper\">\n\t\t\t\t\t\t\t\t\t<span class=\"elementor-button-text\">R\u00e9servez maintenant<\/span>\n\t\t\t\t\t<\/span>\n\t\t\t\t\t<\/a>\n\t\t\t\t<\/div>\n\t\t\t\t\t\t\t\t<\/div>\n\t\t\t\t<\/div>\n\t\t\t\t<\/div>\n\t\t<div class=\"elementor-element elementor-element-cdeef24 e-con-full e-flex e-con e-parent\" data-id=\"cdeef24\" data-element_type=\"container\">\n\t\t<div class=\"elementor-element elementor-element-762b2e9 e-con-full e-flex e-con e-child\" data-id=\"762b2e9\" data-element_type=\"container\">\n\t\t\t\t<div class=\"elementor-element elementor-element-37e3611 elementor-widget__width-auto elementor-widget elementor-widget-heading\" data-id=\"37e3611\" data-element_type=\"widget\" data-widget_type=\"heading.default\">\n\t\t\t\t<div class=\"elementor-widget-container\">\n\t\t\t\t\t<h3 class=\"elementor-heading-title elementor-size-default\">GRAND DELUXE<\/h3>\t\t\t\t<\/div>\n\t\t\t\t<\/div>\n\t\t\t\t<div class=\"elementor-element elementor-element-e072454 elementor-widget__width-auto elementor-widget-tablet__width-auto elementor-absolute elementor-widget elementor-widget-heading\" data-id=\"e072454\" data-element_type=\"widget\" data-settings=\"{&quot;_position&quot;:&quot;absolute&quot;}\" data-widget_type=\"heading.default\">\n\t\t\t\t<div class=\"elementor-widget-container\">\n\t\t\t\t\t<h3 class=\"elementor-heading-title elementor-size-default\">22 m2<\/h3>\t\t\t\t<\/div>\n\t\t\t\t<\/div>\n\t\t\t\t<\/div>\n\t\t<div class=\"elementor-element elementor-element-2c67e7f e-con-full e-flex e-con e-child\" data-id=\"2c67e7f\" data-element_type=\"container\">\n\t\t\t\t<div class=\"elementor-element elementor-element-7e4c176 elementor-widget elementor-widget-text-editor\" data-id=\"7e4c176\" data-element_type=\"widget\" data-widget_type=\"text-editor.default\">\n\t\t\t\t<div class=\"elementor-widget-container\">\n\t\t\t\t\t\t\t\t\t<p>Ces chambres ont \u00e9t\u00e9 con\u00e7ues pour que nos h\u00f4tes se sentent uniques, comme nulle part ailleurs dans le monde. D\u00e9cor\u00e9es dans un style moderne et minimaliste, toutes nos chambres\u00a0<strong>Grand Deluxe<\/strong>\u00a0disposent de magnifiques lits \u00e0 baldaquin qui cr\u00e9ent une atmosph\u00e8re intime et relaxante.<\/p><p>Leurs salles de bains sophistiqu\u00e9es sont \u00e9quip\u00e9es de douches spacieuses \u00e0 l\u2019talienne qui transformeront compl\u00e8tement votre exp\u00e9rience du bain.<\/p><p>Profitez d\u2019un s\u00e9jour m\u00e9morable gr\u00e2ce \u00e0 tous les \u00e9quipements inclus, tels que le Wi-Fi \u00e0 haut d\u00e9bit et les technologies de pointe comme les Smart TV.<\/p>\t\t\t\t\t\t\t\t<\/div>\n\t\t\t\t<\/div>\n\t\t\t\t<\/div>\n\t\t\t\t<\/div>\n\t\t<div class=\"elementor-element elementor-element-bd7592f e-con-full e-flex e-con e-parent\" data-id=\"bd7592f\" data-element_type=\"container\" data-settings=\"{&quot;background_background&quot;:&quot;classic&quot;}\">\n\t\t\t\t<div class=\"elementor-element elementor-element-3a87d8b elementor--h-position-center elementor--v-position-middle elementor-arrows-position-inside elementor-pagination-position-inside elementor-widget elementor-widget-slides\" data-id=\"3a87d8b\" data-element_type=\"widget\" data-settings=\"{&quot;navigation&quot;:&quot;both&quot;,&quot;autoplay&quot;:&quot;yes&quot;,&quot;pause_on_hover&quot;:&quot;yes&quot;,&quot;pause_on_interaction&quot;:&quot;yes&quot;,&quot;autoplay_speed&quot;:5000,&quot;infinite&quot;:&quot;yes&quot;,&quot;transition&quot;:&quot;slide&quot;,&quot;transition_speed&quot;:500}\" data-widget_type=\"slides.default\">\n\t\t\t\t<div class=\"elementor-widget-container\">\n\t\t\t\t\t\t\t\t\t<div class=\"elementor-swiper\">\n\t\t\t\t\t<div class=\"elementor-slides-wrapper elementor-main-swiper swiper\" role=\"region\" aria-roledescription=\"carousel\" aria-label=\"Slides\" dir=\"ltr\" data-animation=\"fadeInUp\">\n\t\t\t\t<div class=\"swiper-wrapper elementor-slides\">\n\t\t\t\t\t\t\t\t\t\t<div class=\"elementor-repeater-item-81ca2ac swiper-slide\" role=\"group\" aria-roledescription=\"slide\"><div class=\"swiper-slide-bg\" role=\"img\" aria-label=\"\"><\/div><div class=\"swiper-slide-inner\" ><div class=\"swiper-slide-contents\"><\/div><\/div><\/div><div class=\"elementor-repeater-item-ae21253 swiper-slide\" role=\"group\" aria-roledescription=\"slide\"><div class=\"swiper-slide-bg\" role=\"img\" aria-label=\"\"><\/div><div class=\"swiper-slide-inner\" ><div class=\"swiper-slide-contents\"><\/div><\/div><\/div><div class=\"elementor-repeater-item-d78e8be swiper-slide\" role=\"group\" aria-roledescription=\"slide\"><div class=\"swiper-slide-bg\" role=\"img\" aria-label=\"\"><\/div><div class=\"swiper-slide-inner\" ><div class=\"swiper-slide-contents\"><\/div><\/div><\/div><div class=\"elementor-repeater-item-2435873 swiper-slide\" role=\"group\" aria-roledescription=\"slide\"><div class=\"swiper-slide-bg\" role=\"img\" aria-label=\"\"><\/div><div class=\"swiper-slide-inner\" ><div class=\"swiper-slide-contents\"><\/div><\/div><\/div><div class=\"elementor-repeater-item-ce9e2db swiper-slide\" role=\"group\" aria-roledescription=\"slide\"><div class=\"swiper-slide-bg\" role=\"img\" aria-label=\"\"><\/div><div class=\"swiper-slide-inner\" ><div class=\"swiper-slide-contents\"><\/div><\/div><\/div><div class=\"elementor-repeater-item-a2b02de swiper-slide\" role=\"group\" aria-roledescription=\"slide\"><div class=\"swiper-slide-bg\" role=\"img\" aria-label=\"\"><\/div><div class=\"swiper-slide-inner\" ><div class=\"swiper-slide-contents\"><\/div><\/div><\/div><div class=\"elementor-repeater-item-dfc657b swiper-slide\" role=\"group\" aria-roledescription=\"slide\"><div class=\"swiper-slide-bg\" role=\"img\" aria-label=\"habitacion-deluxe-5\"><\/div><div class=\"swiper-slide-inner\" ><div class=\"swiper-slide-contents\"><\/div><\/div><\/div><div class=\"elementor-repeater-item-d8e34fc swiper-slide\" role=\"group\" aria-roledescription=\"slide\"><div class=\"swiper-slide-bg\" role=\"img\" aria-label=\"\"><\/div><div class=\"swiper-slide-inner\" ><div class=\"swiper-slide-contents\"><\/div><\/div><\/div>\t\t\t\t<\/div>\n\t\t\t\t\t\t\t\t\t\t\t\t\t\t\t<div class=\"elementor-swiper-button elementor-swiper-button-prev\" role=\"button\" tabindex=\"0\" aria-label=\"Diapositive pr\u00e9c\u00e9dente\">\n\t\t\t\t\t\t\t<svg aria-hidden=\"true\" class=\"e-font-icon-svg e-eicon-chevron-left\" viewBox=\"0 0 1000 1000\" xmlns=\"http:\/\/www.w3.org\/2000\/svg\"><path d=\"M646 125C629 125 613 133 604 142L308 442C296 454 292 471 292 487 292 504 296 521 308 533L604 854C617 867 629 875 646 875 663 875 679 871 692 858 704 846 713 829 713 812 713 796 708 779 692 767L438 487 692 225C700 217 708 204 708 187 708 171 704 154 692 142 675 129 663 125 646 125Z\"><\/path><\/svg>\t\t\t\t\t\t<\/div>\n\t\t\t\t\t\t<div class=\"elementor-swiper-button elementor-swiper-button-next\" role=\"button\" tabindex=\"0\" aria-label=\"Diapositive suivante\">\n\t\t\t\t\t\t\t<svg aria-hidden=\"true\" class=\"e-font-icon-svg e-eicon-chevron-right\" viewBox=\"0 0 1000 1000\" xmlns=\"http:\/\/www.w3.org\/2000\/svg\"><path d=\"M696 533C708 521 713 504 713 487 713 471 708 454 696 446L400 146C388 133 375 125 354 125 338 125 325 129 313 142 300 154 292 171 292 187 292 204 296 221 308 233L563 492 304 771C292 783 288 800 288 817 288 833 296 850 308 863 321 871 338 875 354 875 371 875 388 867 400 854L696 533Z\"><\/path><\/svg>\t\t\t\t\t\t<\/div>\n\t\t\t\t\t\t\t\t\t\t\t\t\t\t\t\t<div class=\"swiper-pagination\"><\/div>\n\t\t\t\t\t\t\t\t\t\t\t\t<\/div>\n\t\t\t\t<\/div>\n\t\t\t\t\t\t\t\t<\/div>\n\t\t\t\t<\/div>\n\t\t\t\t<\/div>\n\t\t\t\t<\/div>\n\t\t","protected":false},"excerpt":{"rendered":"<p>GRAND DELUXE R\u00e9servez maintenant GRAND DELUXE 22 m2 Ces chambres ont \u00e9t\u00e9 con\u00e7ues pour que nos h\u00f4tes se sentent uniques, comme nulle part ailleurs dans le monde. D\u00e9cor\u00e9es dans un style moderne et minimaliste, toutes nos chambres\u00a0Grand Deluxe\u00a0disposent de magnifiques lits \u00e0 baldaquin qui cr\u00e9ent une atmosph\u00e8re intime et relaxante. Leurs salles de bains sophistiqu\u00e9es [&hellip;]<\/p>\n","protected":false},"author":1,"featured_media":0,"parent":3717,"menu_order":2,"comment_status":"closed","ping_status":"closed","template":"elementor_header_footer","meta":{"footnotes":""},"class_list":["post-3736","page","type-page","status-publish","hentry"],"yoast_head":"<!-- This site is optimized with the Yoast SEO plugin v27.3 - https:\/\/yoast.com\/product\/yoast-seo-wordpress\/ -->\n<title>Grand Deluxe | Malda Singular Hotel<\/title>\n<meta name=\"robots\" content=\"index, follow, max-snippet:-1, max-image-preview:large, max-video-preview:-1\" \/>\n<link rel=\"canonical\" href=\"https:\/\/maldasingularhotel.com\/fr\/chambres\/grand-deluxe\/\" \/>\n<meta property=\"og:locale\" content=\"fr_FR\" \/>\n<meta property=\"og:type\" content=\"article\" \/>\n<meta property=\"og:title\" content=\"Grand Deluxe | Malda Singular Hotel\" \/>\n<meta property=\"og:description\" content=\"GRAND DELUXE R\u00e9servez maintenant GRAND DELUXE 22 m2 Ces chambres ont \u00e9t\u00e9 con\u00e7ues pour que nos h\u00f4tes se sentent uniques, comme nulle part ailleurs dans le monde. D\u00e9cor\u00e9es dans un style moderne et minimaliste, toutes nos chambres\u00a0Grand Deluxe\u00a0disposent de magnifiques lits \u00e0 baldaquin qui cr\u00e9ent une atmosph\u00e8re intime et relaxante. Leurs salles de bains sophistiqu\u00e9es [&hellip;]\" \/>\n<meta property=\"og:url\" content=\"https:\/\/maldasingularhotel.com\/fr\/chambres\/grand-deluxe\/\" \/>\n<meta property=\"og:site_name\" content=\"Malda Singular Hotel\" \/>\n<meta property=\"article:modified_time\" content=\"2025-09-22T08:24:21+00:00\" \/>\n<meta name=\"twitter:card\" content=\"summary_large_image\" \/>\n<meta name=\"twitter:label1\" content=\"Dur\u00e9e de lecture estim\u00e9e\" \/>\n\t<meta name=\"twitter:data1\" content=\"1 minute\" \/>\n<script type=\"application\/ld+json\" class=\"yoast-schema-graph\">{\"@context\":\"https:\\\/\\\/schema.org\",\"@graph\":[{\"@type\":\"WebPage\",\"@id\":\"https:\\\/\\\/maldasingularhotel.com\\\/fr\\\/chambres\\\/grand-deluxe\\\/\",\"url\":\"https:\\\/\\\/maldasingularhotel.com\\\/fr\\\/chambres\\\/grand-deluxe\\\/\",\"name\":\"Grand Deluxe | Malda Singular Hotel\",\"isPartOf\":{\"@id\":\"https:\\\/\\\/maldasingularhotel.com\\\/#website\"},\"datePublished\":\"2024-11-15T11:04:10+00:00\",\"dateModified\":\"2025-09-22T08:24:21+00:00\",\"breadcrumb\":{\"@id\":\"https:\\\/\\\/maldasingularhotel.com\\\/fr\\\/chambres\\\/grand-deluxe\\\/#breadcrumb\"},\"inLanguage\":\"fr-FR\",\"potentialAction\":[{\"@type\":\"ReadAction\",\"target\":[\"https:\\\/\\\/maldasingularhotel.com\\\/fr\\\/chambres\\\/grand-deluxe\\\/\"]}]},{\"@type\":\"BreadcrumbList\",\"@id\":\"https:\\\/\\\/maldasingularhotel.com\\\/fr\\\/chambres\\\/grand-deluxe\\\/#breadcrumb\",\"itemListElement\":[{\"@type\":\"ListItem\",\"position\":1,\"name\":\"Chambres\",\"item\":\"https:\\\/\\\/maldasingularhotel.com\\\/fr\\\/chambres\\\/\"},{\"@type\":\"ListItem\",\"position\":2,\"name\":\"Grand Deluxe\"}]},{\"@type\":\"WebSite\",\"@id\":\"https:\\\/\\\/maldasingularhotel.com\\\/#website\",\"url\":\"https:\\\/\\\/maldasingularhotel.com\\\/\",\"name\":\"Malda Singular Hotel\",\"description\":\"Hotel Boutique en Barcelona\",\"potentialAction\":[{\"@type\":\"SearchAction\",\"target\":{\"@type\":\"EntryPoint\",\"urlTemplate\":\"https:\\\/\\\/maldasingularhotel.com\\\/?s={search_term_string}\"},\"query-input\":{\"@type\":\"PropertyValueSpecification\",\"valueRequired\":true,\"valueName\":\"search_term_string\"}}],\"inLanguage\":\"fr-FR\"}]}<\/script>\n<!-- \/ Yoast SEO plugin. -->","yoast_head_json":{"title":"Grand Deluxe | Malda Singular Hotel","robots":{"index":"index","follow":"follow","max-snippet":"max-snippet:-1","max-image-preview":"max-image-preview:large","max-video-preview":"max-video-preview:-1"},"canonical":"https:\/\/maldasingularhotel.com\/fr\/chambres\/grand-deluxe\/","og_locale":"fr_FR","og_type":"article","og_title":"Grand Deluxe | Malda Singular Hotel","og_description":"GRAND DELUXE R\u00e9servez maintenant GRAND DELUXE 22 m2 Ces chambres ont \u00e9t\u00e9 con\u00e7ues pour que nos h\u00f4tes se sentent uniques, comme nulle part ailleurs dans le monde. D\u00e9cor\u00e9es dans un style moderne et minimaliste, toutes nos chambres\u00a0Grand Deluxe\u00a0disposent de magnifiques lits \u00e0 baldaquin qui cr\u00e9ent une atmosph\u00e8re intime et relaxante. Leurs salles de bains sophistiqu\u00e9es [&hellip;]","og_url":"https:\/\/maldasingularhotel.com\/fr\/chambres\/grand-deluxe\/","og_site_name":"Malda Singular Hotel","article_modified_time":"2025-09-22T08:24:21+00:00","twitter_card":"summary_large_image","twitter_misc":{"Dur\u00e9e de lecture estim\u00e9e":"1 minute"},"schema":{"@context":"https:\/\/schema.org","@graph":[{"@type":"WebPage","@id":"https:\/\/maldasingularhotel.com\/fr\/chambres\/grand-deluxe\/","url":"https:\/\/maldasingularhotel.com\/fr\/chambres\/grand-deluxe\/","name":"Grand Deluxe | Malda Singular Hotel","isPartOf":{"@id":"https:\/\/maldasingularhotel.com\/#website"},"datePublished":"2024-11-15T11:04:10+00:00","dateModified":"2025-09-22T08:24:21+00:00","breadcrumb":{"@id":"https:\/\/maldasingularhotel.com\/fr\/chambres\/grand-deluxe\/#breadcrumb"},"inLanguage":"fr-FR","potentialAction":[{"@type":"ReadAction","target":["https:\/\/maldasingularhotel.com\/fr\/chambres\/grand-deluxe\/"]}]},{"@type":"BreadcrumbList","@id":"https:\/\/maldasingularhotel.com\/fr\/chambres\/grand-deluxe\/#breadcrumb","itemListElement":[{"@type":"ListItem","position":1,"name":"Chambres","item":"https:\/\/maldasingularhotel.com\/fr\/chambres\/"},{"@type":"ListItem","position":2,"name":"Grand Deluxe"}]},{"@type":"WebSite","@id":"https:\/\/maldasingularhotel.com\/#website","url":"https:\/\/maldasingularhotel.com\/","name":"Malda Singular Hotel","description":"Hotel Boutique en Barcelona","potentialAction":[{"@type":"SearchAction","target":{"@type":"EntryPoint","urlTemplate":"https:\/\/maldasingularhotel.com\/?s={search_term_string}"},"query-input":{"@type":"PropertyValueSpecification","valueRequired":true,"valueName":"search_term_string"}}],"inLanguage":"fr-FR"}]}},"_links":{"self":[{"href":"https:\/\/maldasingularhotel.com\/fr\/wp-json\/wp\/v2\/pages\/3736","targetHints":{"allow":["GET"]}}],"collection":[{"href":"https:\/\/maldasingularhotel.com\/fr\/wp-json\/wp\/v2\/pages"}],"about":[{"href":"https:\/\/maldasingularhotel.com\/fr\/wp-json\/wp\/v2\/types\/page"}],"author":[{"embeddable":true,"href":"https:\/\/maldasingularhotel.com\/fr\/wp-json\/wp\/v2\/users\/1"}],"replies":[{"embeddable":true,"href":"https:\/\/maldasingularhotel.com\/fr\/wp-json\/wp\/v2\/comments?post=3736"}],"version-history":[{"count":18,"href":"https:\/\/maldasingularhotel.com\/fr\/wp-json\/wp\/v2\/pages\/3736\/revisions"}],"predecessor-version":[{"id":4539,"href":"https:\/\/maldasingularhotel.com\/fr\/wp-json\/wp\/v2\/pages\/3736\/revisions\/4539"}],"up":[{"embeddable":true,"href":"https:\/\/maldasingularhotel.com\/fr\/wp-json\/wp\/v2\/pages\/3717"}],"wp:attachment":[{"href":"https:\/\/maldasingularhotel.com\/fr\/wp-json\/wp\/v2\/media?parent=3736"}],"curies":[{"name":"wp","href":"https:\/\/api.w.org\/{rel}","templated":true}]}}