{"id":3743,"date":"2024-11-15T11:11:22","date_gmt":"2024-11-15T11:11:22","guid":{"rendered":"https:\/\/maldasingularhotel.com\/?page_id=3743"},"modified":"2025-09-22T08:26:50","modified_gmt":"2025-09-22T08:26:50","slug":"suites","status":"publish","type":"page","link":"https:\/\/maldasingularhotel.com\/fr\/chambres\/suites\/","title":{"rendered":"Suites"},"content":{"rendered":"\t\t<div data-elementor-type=\"wp-page\" data-elementor-id=\"3743\" class=\"elementor elementor-3743 elementor-3291\" data-elementor-post-type=\"page\">\n\t\t\t\t<div class=\"elementor-element elementor-element-4db8038 e-con-full e-flex e-con e-parent\" data-id=\"4db8038\" data-element_type=\"container\" data-settings=\"{&quot;background_background&quot;:&quot;classic&quot;}\">\n\t\t\t\t<div class=\"elementor-element elementor-element-fa33dd6 elementor-widget elementor-widget-heading\" data-id=\"fa33dd6\" data-element_type=\"widget\" data-widget_type=\"heading.default\">\n\t\t\t\t<div class=\"elementor-widget-container\">\n\t\t\t\t\t<h2 class=\"elementor-heading-title elementor-size-default\">SUITES<\/h2>\t\t\t\t<\/div>\n\t\t\t\t<\/div>\n\t\t\t\t<div class=\"elementor-element elementor-element-8f2c947 elementor-align-center elementor-widget elementor-widget-button\" data-id=\"8f2c947\" data-element_type=\"widget\" data-widget_type=\"button.default\">\n\t\t\t\t<div class=\"elementor-widget-container\">\n\t\t\t\t\t\t\t\t\t<div class=\"elementor-button-wrapper\">\n\t\t\t\t\t<a class=\"elementor-button elementor-button-link elementor-size-sm\" href=\"https:\/\/maldasingular.ihotelier.com\/fr\/book\/dates-of-stay?domain=maldasingularhotel.com&#038;LanguageID=3&#038;user_language=fr\" target=\"_blank\">\n\t\t\t\t\t\t<span class=\"elementor-button-content-wrapper\">\n\t\t\t\t\t\t\t\t\t<span class=\"elementor-button-text\">R\u00e9servez maintenant<\/span>\n\t\t\t\t\t<\/span>\n\t\t\t\t\t<\/a>\n\t\t\t\t<\/div>\n\t\t\t\t\t\t\t\t<\/div>\n\t\t\t\t<\/div>\n\t\t\t\t<\/div>\n\t\t<div class=\"elementor-element elementor-element-4cc607d e-con-full e-flex e-con e-parent\" data-id=\"4cc607d\" data-element_type=\"container\">\n\t\t<div class=\"elementor-element elementor-element-cef6caf e-con-full e-flex e-con e-child\" data-id=\"cef6caf\" data-element_type=\"container\">\n\t\t\t\t<div class=\"elementor-element elementor-element-41ca6d8 elementor-widget__width-auto elementor-widget elementor-widget-heading\" data-id=\"41ca6d8\" data-element_type=\"widget\" data-widget_type=\"heading.default\">\n\t\t\t\t<div class=\"elementor-widget-container\">\n\t\t\t\t\t<h3 class=\"elementor-heading-title elementor-size-default\">Suites<\/h3>\t\t\t\t<\/div>\n\t\t\t\t<\/div>\n\t\t\t\t<div class=\"elementor-element elementor-element-17e2113 elementor-widget__width-auto elementor-absolute elementor-widget elementor-widget-heading\" data-id=\"17e2113\" data-element_type=\"widget\" data-settings=\"{&quot;_position&quot;:&quot;absolute&quot;}\" data-widget_type=\"heading.default\">\n\t\t\t\t<div class=\"elementor-widget-container\">\n\t\t\t\t\t<h3 class=\"elementor-heading-title elementor-size-default\">40 m2<\/h3>\t\t\t\t<\/div>\n\t\t\t\t<\/div>\n\t\t\t\t<\/div>\n\t\t<div class=\"elementor-element elementor-element-44f6ac2 e-con-full e-flex e-con e-child\" data-id=\"44f6ac2\" data-element_type=\"container\">\n\t\t\t\t<div class=\"elementor-element elementor-element-1aed689 elementor-widget elementor-widget-text-editor\" data-id=\"1aed689\" data-element_type=\"widget\" data-widget_type=\"text-editor.default\">\n\t\t\t\t<div class=\"elementor-widget-container\">\n\t\t\t\t\t\t\t\t\t<p>Ces chambres luxueuses, \u00e9l\u00e9gantes et spacieuses ont r\u00e9ussi \u00e0 capturer parfaitement la magie de ce palais du XVIIe si\u00e8cle. S\u00e9journer dans l\u2019un des magnifiques lits \u00e0 baldaquin est une exp\u00e9rience inoubliable.<\/p><p>L\u2019\u00e9l\u00e9gant canap\u00e9 et la belle table basse, inclus dans chacune de nos suites, sont id\u00e9aux pour se reposer et se d\u00e9tendre apr\u00e8s une longue journ\u00e9e de d\u00e9couverte de Barcelone.<\/p><p>Votre s\u00e9jour sera bien plus agr\u00e9able gr\u00e2ce \u00e0 nos merveilleux \u00e9quipements, tels que la connexion WI-FI \u00e0 haut d\u00e9bit et la Smart TV.<\/p><p>R\u00e9servez cette chambre et commencez \u00e0 construire des souvenirs inoubliables.<\/p>\t\t\t\t\t\t\t\t<\/div>\n\t\t\t\t<\/div>\n\t\t\t\t<\/div>\n\t\t\t\t<\/div>\n\t\t<div class=\"elementor-element elementor-element-e58beb3 e-con-full e-flex e-con e-parent\" data-id=\"e58beb3\" data-element_type=\"container\" data-settings=\"{&quot;background_background&quot;:&quot;classic&quot;}\">\n\t\t\t\t<div class=\"elementor-element elementor-element-d54d5ca elementor--h-position-center elementor--v-position-middle elementor-arrows-position-inside elementor-pagination-position-inside elementor-widget elementor-widget-slides\" data-id=\"d54d5ca\" data-element_type=\"widget\" data-settings=\"{&quot;navigation&quot;:&quot;both&quot;,&quot;autoplay&quot;:&quot;yes&quot;,&quot;pause_on_hover&quot;:&quot;yes&quot;,&quot;pause_on_interaction&quot;:&quot;yes&quot;,&quot;autoplay_speed&quot;:5000,&quot;infinite&quot;:&quot;yes&quot;,&quot;transition&quot;:&quot;slide&quot;,&quot;transition_speed&quot;:500}\" data-widget_type=\"slides.default\">\n\t\t\t\t<div class=\"elementor-widget-container\">\n\t\t\t\t\t\t\t\t\t<div class=\"elementor-swiper\">\n\t\t\t\t\t<div class=\"elementor-slides-wrapper elementor-main-swiper swiper\" role=\"region\" aria-roledescription=\"carousel\" aria-label=\"Diapositivas\" dir=\"ltr\" data-animation=\"fadeInUp\">\n\t\t\t\t<div class=\"swiper-wrapper elementor-slides\">\n\t\t\t\t\t\t\t\t\t\t<div class=\"elementor-repeater-item-81ca2ac swiper-slide\" role=\"group\" aria-roledescription=\"slide\"><div class=\"swiper-slide-bg\" role=\"img\" aria-label=\"habitacion-suite-hotel-coolrooms-barcelona-reservar3\"><\/div><div class=\"swiper-slide-inner\" ><div class=\"swiper-slide-contents\"><\/div><\/div><\/div><div class=\"elementor-repeater-item-ae21253 swiper-slide\" role=\"group\" aria-roledescription=\"slide\"><div class=\"swiper-slide-bg\" role=\"img\" aria-label=\"suite-room-aseo-hotel-coolrooms-barcelona-reservar3\"><\/div><div class=\"swiper-slide-inner\" ><div class=\"swiper-slide-contents\"><\/div><\/div><\/div><div class=\"elementor-repeater-item-d78e8be swiper-slide\" role=\"group\" aria-roledescription=\"slide\"><div class=\"swiper-slide-bg\" role=\"img\" aria-label=\"suite-room-hotel-coolrooms-barcelona-reservar3\"><\/div><div class=\"swiper-slide-inner\" ><div class=\"swiper-slide-contents\"><\/div><\/div><\/div><div class=\"elementor-repeater-item-2435873 swiper-slide\" role=\"group\" aria-roledescription=\"slide\"><div class=\"swiper-slide-bg\" role=\"img\" aria-label=\"\"><\/div><div class=\"swiper-slide-inner\" ><div class=\"swiper-slide-contents\"><\/div><\/div><\/div>\t\t\t\t<\/div>\n\t\t\t\t\t\t\t\t\t\t\t\t\t\t\t<div class=\"elementor-swiper-button elementor-swiper-button-prev\" role=\"button\" tabindex=\"0\" aria-label=\"Diapositive pr\u00e9c\u00e9dente\">\n\t\t\t\t\t\t\t<svg aria-hidden=\"true\" class=\"e-font-icon-svg e-eicon-chevron-left\" viewBox=\"0 0 1000 1000\" xmlns=\"http:\/\/www.w3.org\/2000\/svg\"><path d=\"M646 125C629 125 613 133 604 142L308 442C296 454 292 471 292 487 292 504 296 521 308 533L604 854C617 867 629 875 646 875 663 875 679 871 692 858 704 846 713 829 713 812 713 796 708 779 692 767L438 487 692 225C700 217 708 204 708 187 708 171 704 154 692 142 675 129 663 125 646 125Z\"><\/path><\/svg>\t\t\t\t\t\t<\/div>\n\t\t\t\t\t\t<div class=\"elementor-swiper-button elementor-swiper-button-next\" role=\"button\" tabindex=\"0\" aria-label=\"Diapositive suivante\">\n\t\t\t\t\t\t\t<svg aria-hidden=\"true\" class=\"e-font-icon-svg e-eicon-chevron-right\" viewBox=\"0 0 1000 1000\" xmlns=\"http:\/\/www.w3.org\/2000\/svg\"><path d=\"M696 533C708 521 713 504 713 487 713 471 708 454 696 446L400 146C388 133 375 125 354 125 338 125 325 129 313 142 300 154 292 171 292 187 292 204 296 221 308 233L563 492 304 771C292 783 288 800 288 817 288 833 296 850 308 863 321 871 338 875 354 875 371 875 388 867 400 854L696 533Z\"><\/path><\/svg>\t\t\t\t\t\t<\/div>\n\t\t\t\t\t\t\t\t\t\t\t\t\t\t\t\t<div class=\"swiper-pagination\"><\/div>\n\t\t\t\t\t\t\t\t\t\t\t\t<\/div>\n\t\t\t\t<\/div>\n\t\t\t\t\t\t\t\t<\/div>\n\t\t\t\t<\/div>\n\t\t\t\t<\/div>\n\t\t\t\t<\/div>\n\t\t","protected":false},"excerpt":{"rendered":"<p>SUITES R\u00e9servez maintenant Suites 40 m2 Ces chambres luxueuses, \u00e9l\u00e9gantes et spacieuses ont r\u00e9ussi \u00e0 capturer parfaitement la magie de ce palais du XVIIe si\u00e8cle. S\u00e9journer dans l\u2019un des magnifiques lits \u00e0 baldaquin est une exp\u00e9rience inoubliable. L\u2019\u00e9l\u00e9gant canap\u00e9 et la belle table basse, inclus dans chacune de nos suites, sont id\u00e9aux pour se reposer [&hellip;]<\/p>\n","protected":false},"author":1,"featured_media":0,"parent":3717,"menu_order":3,"comment_status":"closed","ping_status":"closed","template":"elementor_header_footer","meta":{"footnotes":""},"class_list":["post-3743","page","type-page","status-publish","hentry"],"yoast_head":"<!-- This site is optimized with the Yoast SEO plugin v27.3 - https:\/\/yoast.com\/product\/yoast-seo-wordpress\/ -->\n<title>Suites | Malda Singular Hotel<\/title>\n<meta name=\"robots\" content=\"index, follow, max-snippet:-1, max-image-preview:large, max-video-preview:-1\" \/>\n<link rel=\"canonical\" href=\"https:\/\/maldasingularhotel.com\/fr\/chambres\/suites\/\" \/>\n<meta property=\"og:locale\" content=\"fr_FR\" \/>\n<meta property=\"og:type\" content=\"article\" \/>\n<meta property=\"og:title\" content=\"Suites | Malda Singular Hotel\" \/>\n<meta property=\"og:description\" content=\"SUITES R\u00e9servez maintenant Suites 40 m2 Ces chambres luxueuses, \u00e9l\u00e9gantes et spacieuses ont r\u00e9ussi \u00e0 capturer parfaitement la magie de ce palais du XVIIe si\u00e8cle. S\u00e9journer dans l\u2019un des magnifiques lits \u00e0 baldaquin est une exp\u00e9rience inoubliable. L\u2019\u00e9l\u00e9gant canap\u00e9 et la belle table basse, inclus dans chacune de nos suites, sont id\u00e9aux pour se reposer [&hellip;]\" \/>\n<meta property=\"og:url\" content=\"https:\/\/maldasingularhotel.com\/fr\/chambres\/suites\/\" \/>\n<meta property=\"og:site_name\" content=\"Malda Singular Hotel\" \/>\n<meta property=\"article:modified_time\" content=\"2025-09-22T08:26:50+00:00\" \/>\n<meta name=\"twitter:card\" content=\"summary_large_image\" \/>\n<meta name=\"twitter:label1\" content=\"Dur\u00e9e de lecture estim\u00e9e\" \/>\n\t<meta name=\"twitter:data1\" content=\"1 minute\" \/>\n<script type=\"application\/ld+json\" class=\"yoast-schema-graph\">{\"@context\":\"https:\\\/\\\/schema.org\",\"@graph\":[{\"@type\":\"WebPage\",\"@id\":\"https:\\\/\\\/maldasingularhotel.com\\\/fr\\\/chambres\\\/suites\\\/\",\"url\":\"https:\\\/\\\/maldasingularhotel.com\\\/fr\\\/chambres\\\/suites\\\/\",\"name\":\"Suites | Malda Singular Hotel\",\"isPartOf\":{\"@id\":\"https:\\\/\\\/maldasingularhotel.com\\\/#website\"},\"datePublished\":\"2024-11-15T11:11:22+00:00\",\"dateModified\":\"2025-09-22T08:26:50+00:00\",\"breadcrumb\":{\"@id\":\"https:\\\/\\\/maldasingularhotel.com\\\/fr\\\/chambres\\\/suites\\\/#breadcrumb\"},\"inLanguage\":\"fr-FR\",\"potentialAction\":[{\"@type\":\"ReadAction\",\"target\":[\"https:\\\/\\\/maldasingularhotel.com\\\/fr\\\/chambres\\\/suites\\\/\"]}]},{\"@type\":\"BreadcrumbList\",\"@id\":\"https:\\\/\\\/maldasingularhotel.com\\\/fr\\\/chambres\\\/suites\\\/#breadcrumb\",\"itemListElement\":[{\"@type\":\"ListItem\",\"position\":1,\"name\":\"Chambres\",\"item\":\"https:\\\/\\\/maldasingularhotel.com\\\/fr\\\/chambres\\\/\"},{\"@type\":\"ListItem\",\"position\":2,\"name\":\"Suites\"}]},{\"@type\":\"WebSite\",\"@id\":\"https:\\\/\\\/maldasingularhotel.com\\\/#website\",\"url\":\"https:\\\/\\\/maldasingularhotel.com\\\/\",\"name\":\"Malda Singular Hotel\",\"description\":\"Hotel Boutique en Barcelona\",\"potentialAction\":[{\"@type\":\"SearchAction\",\"target\":{\"@type\":\"EntryPoint\",\"urlTemplate\":\"https:\\\/\\\/maldasingularhotel.com\\\/?s={search_term_string}\"},\"query-input\":{\"@type\":\"PropertyValueSpecification\",\"valueRequired\":true,\"valueName\":\"search_term_string\"}}],\"inLanguage\":\"fr-FR\"}]}<\/script>\n<!-- \/ Yoast SEO plugin. -->","yoast_head_json":{"title":"Suites | Malda Singular Hotel","robots":{"index":"index","follow":"follow","max-snippet":"max-snippet:-1","max-image-preview":"max-image-preview:large","max-video-preview":"max-video-preview:-1"},"canonical":"https:\/\/maldasingularhotel.com\/fr\/chambres\/suites\/","og_locale":"fr_FR","og_type":"article","og_title":"Suites | Malda Singular Hotel","og_description":"SUITES R\u00e9servez maintenant Suites 40 m2 Ces chambres luxueuses, \u00e9l\u00e9gantes et spacieuses ont r\u00e9ussi \u00e0 capturer parfaitement la magie de ce palais du XVIIe si\u00e8cle. S\u00e9journer dans l\u2019un des magnifiques lits \u00e0 baldaquin est une exp\u00e9rience inoubliable. L\u2019\u00e9l\u00e9gant canap\u00e9 et la belle table basse, inclus dans chacune de nos suites, sont id\u00e9aux pour se reposer [&hellip;]","og_url":"https:\/\/maldasingularhotel.com\/fr\/chambres\/suites\/","og_site_name":"Malda Singular Hotel","article_modified_time":"2025-09-22T08:26:50+00:00","twitter_card":"summary_large_image","twitter_misc":{"Dur\u00e9e de lecture estim\u00e9e":"1 minute"},"schema":{"@context":"https:\/\/schema.org","@graph":[{"@type":"WebPage","@id":"https:\/\/maldasingularhotel.com\/fr\/chambres\/suites\/","url":"https:\/\/maldasingularhotel.com\/fr\/chambres\/suites\/","name":"Suites | Malda Singular Hotel","isPartOf":{"@id":"https:\/\/maldasingularhotel.com\/#website"},"datePublished":"2024-11-15T11:11:22+00:00","dateModified":"2025-09-22T08:26:50+00:00","breadcrumb":{"@id":"https:\/\/maldasingularhotel.com\/fr\/chambres\/suites\/#breadcrumb"},"inLanguage":"fr-FR","potentialAction":[{"@type":"ReadAction","target":["https:\/\/maldasingularhotel.com\/fr\/chambres\/suites\/"]}]},{"@type":"BreadcrumbList","@id":"https:\/\/maldasingularhotel.com\/fr\/chambres\/suites\/#breadcrumb","itemListElement":[{"@type":"ListItem","position":1,"name":"Chambres","item":"https:\/\/maldasingularhotel.com\/fr\/chambres\/"},{"@type":"ListItem","position":2,"name":"Suites"}]},{"@type":"WebSite","@id":"https:\/\/maldasingularhotel.com\/#website","url":"https:\/\/maldasingularhotel.com\/","name":"Malda Singular Hotel","description":"Hotel Boutique en Barcelona","potentialAction":[{"@type":"SearchAction","target":{"@type":"EntryPoint","urlTemplate":"https:\/\/maldasingularhotel.com\/?s={search_term_string}"},"query-input":{"@type":"PropertyValueSpecification","valueRequired":true,"valueName":"search_term_string"}}],"inLanguage":"fr-FR"}]}},"_links":{"self":[{"href":"https:\/\/maldasingularhotel.com\/fr\/wp-json\/wp\/v2\/pages\/3743","targetHints":{"allow":["GET"]}}],"collection":[{"href":"https:\/\/maldasingularhotel.com\/fr\/wp-json\/wp\/v2\/pages"}],"about":[{"href":"https:\/\/maldasingularhotel.com\/fr\/wp-json\/wp\/v2\/types\/page"}],"author":[{"embeddable":true,"href":"https:\/\/maldasingularhotel.com\/fr\/wp-json\/wp\/v2\/users\/1"}],"replies":[{"embeddable":true,"href":"https:\/\/maldasingularhotel.com\/fr\/wp-json\/wp\/v2\/comments?post=3743"}],"version-history":[{"count":15,"href":"https:\/\/maldasingularhotel.com\/fr\/wp-json\/wp\/v2\/pages\/3743\/revisions"}],"predecessor-version":[{"id":4542,"href":"https:\/\/maldasingularhotel.com\/fr\/wp-json\/wp\/v2\/pages\/3743\/revisions\/4542"}],"up":[{"embeddable":true,"href":"https:\/\/maldasingularhotel.com\/fr\/wp-json\/wp\/v2\/pages\/3717"}],"wp:attachment":[{"href":"https:\/\/maldasingularhotel.com\/fr\/wp-json\/wp\/v2\/media?parent=3743"}],"curies":[{"name":"wp","href":"https:\/\/api.w.org\/{rel}","templated":true}]}}