{"id":3751,"date":"2024-11-18T12:04:21","date_gmt":"2024-11-18T12:04:21","guid":{"rendered":"https:\/\/maldasingularhotel.com\/?page_id=3751"},"modified":"2025-09-19T13:37:34","modified_gmt":"2025-09-19T13:37:34","slug":"cool-news","status":"publish","type":"page","link":"https:\/\/maldasingularhotel.com\/fr\/cool-news\/","title":{"rendered":"Cool news"},"content":{"rendered":"\t\t<div data-elementor-type=\"wp-page\" data-elementor-id=\"3751\" class=\"elementor elementor-3751 elementor-3351\" data-elementor-post-type=\"page\">\n\t\t\t\t<div class=\"elementor-element elementor-element-805c8a2 e-flex e-con-boxed e-con e-parent\" data-id=\"805c8a2\" data-element_type=\"container\">\n\t\t\t\t\t<div class=\"e-con-inner\">\n\t\t\t\t<div class=\"elementor-element elementor-element-dd528c3 elementor-widget elementor-widget-heading\" data-id=\"dd528c3\" data-element_type=\"widget\" data-widget_type=\"heading.default\">\n\t\t\t\t<div class=\"elementor-widget-container\">\n\t\t\t\t\t<h2 class=\"elementor-heading-title elementor-size-default\">COOL-NEWS<\/h2>\t\t\t\t<\/div>\n\t\t\t\t<\/div>\n\t\t\t\t<div class=\"elementor-element elementor-element-5c7037c elementor-widget__width-initial elementor-widget-divider--view-line elementor-widget elementor-widget-divider\" data-id=\"5c7037c\" data-element_type=\"widget\" data-widget_type=\"divider.default\">\n\t\t\t\t<div class=\"elementor-widget-container\">\n\t\t\t\t\t\t\t<div class=\"elementor-divider\">\n\t\t\t<span class=\"elementor-divider-separator\">\n\t\t\t\t\t\t<\/span>\n\t\t<\/div>\n\t\t\t\t\t\t<\/div>\n\t\t\t\t<\/div>\n\t\t\t\t<div class=\"elementor-element elementor-element-7f8aaa1 elementor-grid-3 elementor-grid-tablet-2 elementor-grid-mobile-1 elementor-posts--thumbnail-top elementor-card-shadow-yes elementor-posts__hover-gradient elementor-widget elementor-widget-posts\" data-id=\"7f8aaa1\" data-element_type=\"widget\" data-settings=\"{&quot;cards_masonry&quot;:&quot;yes&quot;,&quot;pagination_type&quot;:&quot;numbers&quot;,&quot;cards_columns&quot;:&quot;3&quot;,&quot;cards_columns_tablet&quot;:&quot;2&quot;,&quot;cards_columns_mobile&quot;:&quot;1&quot;,&quot;cards_row_gap&quot;:{&quot;unit&quot;:&quot;px&quot;,&quot;size&quot;:35,&quot;sizes&quot;:[]},&quot;cards_row_gap_tablet&quot;:{&quot;unit&quot;:&quot;px&quot;,&quot;size&quot;:&quot;&quot;,&quot;sizes&quot;:[]},&quot;cards_row_gap_mobile&quot;:{&quot;unit&quot;:&quot;px&quot;,&quot;size&quot;:&quot;&quot;,&quot;sizes&quot;:[]}}\" data-widget_type=\"posts.cards\">\n\t\t\t\t<div class=\"elementor-widget-container\">\n\t\t\t\t\t\t\t<div class=\"elementor-posts-container elementor-posts elementor-posts--skin-cards elementor-grid\" role=\"list\">\n\t\t\t\t<article class=\"elementor-post elementor-grid-item post-2962 post type-post status-publish format-standard has-post-thumbnail hentry category-non-classifiee\" role=\"listitem\">\n\t\t\t<div class=\"elementor-post__card\">\n\t\t\t\t<a class=\"elementor-post__thumbnail__link\" href=\"https:\/\/maldasingularhotel.com\/fr\/itineraire-dans-le-barrio-gotico\/\" tabindex=\"-1\" ><div class=\"elementor-post__thumbnail\"><img decoding=\"async\" width=\"150\" height=\"150\" src=\"https:\/\/maldasingularhotel.com\/wp-content\/uploads\/2024\/05\/Diseno-sin-titulo-61-150x150.png\" class=\"attachment-thumbnail size-thumbnail wp-image-2953\" alt=\"\" srcset=\"https:\/\/maldasingularhotel.com\/wp-content\/uploads\/2024\/05\/Diseno-sin-titulo-61-150x150.png 150w, https:\/\/maldasingularhotel.com\/wp-content\/uploads\/2024\/05\/Diseno-sin-titulo-61-570x570.png 570w, https:\/\/maldasingularhotel.com\/wp-content\/uploads\/2024\/05\/Diseno-sin-titulo-61-500x500.png 500w, https:\/\/maldasingularhotel.com\/wp-content\/uploads\/2024\/05\/Diseno-sin-titulo-61-1000x1000.png 1000w\" sizes=\"(max-width: 150px) 100vw, 150px\" \/><\/div><\/a>\n\t\t\t\t<div class=\"elementor-post__text\">\n\t\t\t\t<h3 class=\"elementor-post__title\">\n\t\t\t<a href=\"https:\/\/maldasingularhotel.com\/fr\/itineraire-dans-le-barrio-gotico\/\" >\n\t\t\t\tItin\u00e9raire \u00e0 travers le Barrio G\u00f3tico\t\t\t<\/a>\n\t\t<\/h3>\n\t\t\t\t<div class=\"elementor-post__excerpt\">\n\t\t\t<p>Mald\u00e0 Singular Hotel a la chance d&rsquo;\u00eatre situ\u00e9 dans l&rsquo;un des quartiers les plus beaux et les plus traditionnels de Barcelone. Nos voisins sont des<\/p>\n\t\t<\/div>\n\t\t\n\t\t<a class=\"elementor-post__read-more\" href=\"https:\/\/maldasingularhotel.com\/fr\/itineraire-dans-le-barrio-gotico\/\" aria-label=\"En savoir plus sur Itin\u00e9raire \u00e0 travers le Barrio G\u00f3tico\" tabindex=\"-1\" >\n\t\t\tLeer m\u00e1s \u00bb\t\t<\/a>\n\n\t\t\t\t<\/div>\n\t\t\t\t<div class=\"elementor-post__meta-data\">\n\t\t\t\t\t<span class=\"elementor-post-date\">\n\t\t\tmai 9, 2024\t\t<\/span>\n\t\t\t\t<span class=\"elementor-post-avatar\">\n\t\t\tAucun commentaire\t\t<\/span>\n\t\t\t\t<\/div>\n\t\t\t\t\t<\/div>\n\t\t<\/article>\n\t\t\t\t<article class=\"elementor-post elementor-grid-item post-2889 post type-post status-publish format-standard has-post-thumbnail hentry category-barcelona-fr\" role=\"listitem\">\n\t\t\t<div class=\"elementor-post__card\">\n\t\t\t\t<a class=\"elementor-post__thumbnail__link\" href=\"https:\/\/maldasingularhotel.com\/fr\/sant-jordi-a-barcelona\/\" tabindex=\"-1\" ><div class=\"elementor-post__thumbnail\"><img decoding=\"async\" width=\"150\" height=\"150\" src=\"https:\/\/maldasingularhotel.com\/wp-content\/uploads\/2023\/04\/150423_StJordi_8756-1536x1024-1-150x150.jpg\" class=\"attachment-thumbnail size-thumbnail wp-image-2904\" alt=\"\" srcset=\"https:\/\/maldasingularhotel.com\/wp-content\/uploads\/2023\/04\/150423_StJordi_8756-1536x1024-1-150x150.jpg 150w, https:\/\/maldasingularhotel.com\/wp-content\/uploads\/2023\/04\/150423_StJordi_8756-1536x1024-1-570x570.jpg 570w, https:\/\/maldasingularhotel.com\/wp-content\/uploads\/2023\/04\/150423_StJordi_8756-1536x1024-1-500x500.jpg 500w, https:\/\/maldasingularhotel.com\/wp-content\/uploads\/2023\/04\/150423_StJordi_8756-1536x1024-1-1000x1000.jpg 1000w\" sizes=\"(max-width: 150px) 100vw, 150px\" \/><\/div><\/a>\n\t\t\t\t<div class=\"elementor-post__text\">\n\t\t\t\t<h3 class=\"elementor-post__title\">\n\t\t\t<a href=\"https:\/\/maldasingularhotel.com\/fr\/sant-jordi-a-barcelona\/\" >\n\t\t\t\tSant Jordi \u00e0 Barcelone : la Saint-Valentin \u00e0 la catalane\t\t\t<\/a>\n\t\t<\/h3>\n\t\t\t\t<div class=\"elementor-post__excerpt\">\n\t\t\t<p>&nbsp; D\u00e9couvrez pourquoi vous voudrez \u00eatre \u00e0 Barcelone. Le 23 avril est la Diada de Sant Jordi ou le jour de la Saint-Georges en Catalogne,<\/p>\n\t\t<\/div>\n\t\t\n\t\t<a class=\"elementor-post__read-more\" href=\"https:\/\/maldasingularhotel.com\/fr\/sant-jordi-a-barcelona\/\" aria-label=\"En savoir plus sur Sant Jordi \u00e0 Barcelone : la Saint-Valentin \u00e0 la catalane\" tabindex=\"-1\" >\n\t\t\tLeer m\u00e1s \u00bb\t\t<\/a>\n\n\t\t\t\t<\/div>\n\t\t\t\t<div class=\"elementor-post__meta-data\">\n\t\t\t\t\t<span class=\"elementor-post-date\">\n\t\t\tavril 4, 2024\t\t<\/span>\n\t\t\t\t<span class=\"elementor-post-avatar\">\n\t\t\tAucun commentaire\t\t<\/span>\n\t\t\t\t<\/div>\n\t\t\t\t\t<\/div>\n\t\t<\/article>\n\t\t\t\t<article class=\"elementor-post elementor-grid-item post-2863 post type-post status-publish format-standard has-post-thumbnail hentry category-non-classifiee\" role=\"listitem\">\n\t\t\t<div class=\"elementor-post__card\">\n\t\t\t\t<a class=\"elementor-post__thumbnail__link\" href=\"https:\/\/maldasingularhotel.com\/fr\/semaine-sainte-a-barcelona-2024\/\" tabindex=\"-1\" ><div class=\"elementor-post__thumbnail\"><img decoding=\"async\" width=\"150\" height=\"150\" src=\"https:\/\/maldasingularhotel.com\/wp-content\/uploads\/2024\/03\/Imagen6-150x150.jpg\" class=\"attachment-thumbnail size-thumbnail wp-image-2856\" alt=\"\" \/><\/div><\/a>\n\t\t\t\t<div class=\"elementor-post__text\">\n\t\t\t\t<h3 class=\"elementor-post__title\">\n\t\t\t<a href=\"https:\/\/maldasingularhotel.com\/fr\/semaine-sainte-a-barcelona-2024\/\" >\n\t\t\t\tSemaine Sainte \u00e0 Barcelone 2024 : processions et traditions\t\t\t<\/a>\n\t\t<\/h3>\n\t\t\t\t<div class=\"elementor-post__excerpt\">\n\t\t\t<p>Vous pr\u00e9voyez de passer la Semaine Sainte \u00e0 Barcelone ? Bienvenue. La Semaine Sainte est la f\u00eate religieuse la plus importante d&rsquo;Espagne. Les c\u00e9l\u00e9brations, qui<\/p>\n\t\t<\/div>\n\t\t\n\t\t<a class=\"elementor-post__read-more\" href=\"https:\/\/maldasingularhotel.com\/fr\/semaine-sainte-a-barcelona-2024\/\" aria-label=\"En savoir plus sur Semaine Sainte \u00e0 Barcelone 2024 : processions et traditions\" tabindex=\"-1\" >\n\t\t\tLeer m\u00e1s \u00bb\t\t<\/a>\n\n\t\t\t\t<\/div>\n\t\t\t\t<div class=\"elementor-post__meta-data\">\n\t\t\t\t\t<span class=\"elementor-post-date\">\n\t\t\tmars 20, 2024\t\t<\/span>\n\t\t\t\t<span class=\"elementor-post-avatar\">\n\t\t\tAucun commentaire\t\t<\/span>\n\t\t\t\t<\/div>\n\t\t\t\t\t<\/div>\n\t\t<\/article>\n\t\t\t\t<article class=\"elementor-post elementor-grid-item post-2704 post type-post status-publish format-standard has-post-thumbnail hentry category-non-classifiee\" role=\"listitem\">\n\t\t\t<div class=\"elementor-post__card\">\n\t\t\t\t<a class=\"elementor-post__thumbnail__link\" href=\"https:\/\/maldasingularhotel.com\/fr\/testimo-la-saint-valentin-a-barcelone\/\" tabindex=\"-1\" ><div class=\"elementor-post__thumbnail\"><img loading=\"lazy\" decoding=\"async\" width=\"150\" height=\"150\" src=\"https:\/\/maldasingularhotel.com\/wp-content\/uploads\/2024\/01\/pareja-en-barcelona-150x150.jpg\" class=\"attachment-thumbnail size-thumbnail wp-image-2773\" alt=\"\" \/><\/div><\/a>\n\t\t\t\t<div class=\"elementor-post__text\">\n\t\t\t\t<h3 class=\"elementor-post__title\">\n\t\t\t<a href=\"https:\/\/maldasingularhotel.com\/fr\/testimo-la-saint-valentin-a-barcelone\/\" >\n\t\t\t\tT&rsquo;estimo : La Saint-Valentin \u00e0 Barcelone\t\t\t<\/a>\n\t\t<\/h3>\n\t\t\t\t<div class=\"elementor-post__excerpt\">\n\t\t\t<p>Le mois de f\u00e9vrier approche et avec lui la Saint-Valentin, le jour o\u00f9 l&rsquo;on c\u00e9l\u00e8bre l&rsquo;amour avec style. Des d\u00eeners romantiques aux moments privil\u00e9gi\u00e9s dans<\/p>\n\t\t<\/div>\n\t\t\n\t\t<a class=\"elementor-post__read-more\" href=\"https:\/\/maldasingularhotel.com\/fr\/testimo-la-saint-valentin-a-barcelone\/\" aria-label=\"En savoir plus sur T&rsquo;estimo : La Saint-Valentin \u00e0 Barcelone\" tabindex=\"-1\" >\n\t\t\tLeer m\u00e1s \u00bb\t\t<\/a>\n\n\t\t\t\t<\/div>\n\t\t\t\t<div class=\"elementor-post__meta-data\">\n\t\t\t\t\t<span class=\"elementor-post-date\">\n\t\t\tjanvier 23, 2024\t\t<\/span>\n\t\t\t\t<span class=\"elementor-post-avatar\">\n\t\t\tAucun commentaire\t\t<\/span>\n\t\t\t\t<\/div>\n\t\t\t\t\t<\/div>\n\t\t<\/article>\n\t\t\t\t<article class=\"elementor-post elementor-grid-item post-2608 post type-post status-publish format-standard has-post-thumbnail hentry category-non-classifiee\" role=\"listitem\">\n\t\t\t<div class=\"elementor-post__card\">\n\t\t\t\t<a class=\"elementor-post__thumbnail__link\" href=\"https:\/\/maldasingularhotel.com\/fr\/les-coups-de-coeur-de-malda-ou-comment-voyager-et-deguster-a-travers-la-gastronomie\/\" tabindex=\"-1\" ><div class=\"elementor-post__thumbnail\"><img loading=\"lazy\" decoding=\"async\" width=\"150\" height=\"150\" src=\"https:\/\/maldasingularhotel.com\/wp-content\/uploads\/2023\/09\/portada-blog-restaurante-malda-150x150.jpg\" class=\"attachment-thumbnail size-thumbnail wp-image-2277\" alt=\"\" srcset=\"https:\/\/maldasingularhotel.com\/wp-content\/uploads\/2023\/09\/portada-blog-restaurante-malda-150x150.jpg 150w, https:\/\/maldasingularhotel.com\/wp-content\/uploads\/2023\/09\/portada-blog-restaurante-malda-570x570.jpg 570w, https:\/\/maldasingularhotel.com\/wp-content\/uploads\/2023\/09\/portada-blog-restaurante-malda-500x500.jpg 500w\" sizes=\"(max-width: 150px) 100vw, 150px\" \/><\/div><\/a>\n\t\t\t\t<div class=\"elementor-post__text\">\n\t\t\t\t<h3 class=\"elementor-post__title\">\n\t\t\t<a href=\"https:\/\/maldasingularhotel.com\/fr\/les-coups-de-coeur-de-malda-ou-comment-voyager-et-deguster-a-travers-la-gastronomie\/\" >\n\t\t\t\tLes coups de c\u0153ur de Mald\u00e0 : ou comment voyager (et d\u00e9guster) \u00e0 travers la gastronomie\t\t\t<\/a>\n\t\t<\/h3>\n\t\t\t\t<div class=\"elementor-post__excerpt\">\n\t\t\t<p>Quelle est la premi\u00e8re chose qui vous vient \u00e0 l&rsquo;esprit lorsque vous entendez \u00ab\u00a0Barcelone\u00a0\u00bb ? Pour beaucoup, la capitale catalane \u00e9voque le soleil toute l&rsquo;ann\u00e9e,<\/p>\n\t\t<\/div>\n\t\t\n\t\t<a class=\"elementor-post__read-more\" href=\"https:\/\/maldasingularhotel.com\/fr\/les-coups-de-coeur-de-malda-ou-comment-voyager-et-deguster-a-travers-la-gastronomie\/\" aria-label=\"En savoir plus sur Les coups de c\u0153ur de Mald\u00e0 : ou comment voyager (et d\u00e9guster) \u00e0 travers la gastronomie\" tabindex=\"-1\" >\n\t\t\tLeer m\u00e1s \u00bb\t\t<\/a>\n\n\t\t\t\t<\/div>\n\t\t\t\t<div class=\"elementor-post__meta-data\">\n\t\t\t\t\t<span class=\"elementor-post-date\">\n\t\t\tjanvier 9, 2024\t\t<\/span>\n\t\t\t\t<span class=\"elementor-post-avatar\">\n\t\t\tAucun commentaire\t\t<\/span>\n\t\t\t\t<\/div>\n\t\t\t\t\t<\/div>\n\t\t<\/article>\n\t\t\t\t<article class=\"elementor-post elementor-grid-item post-2715 post type-post status-publish format-standard has-post-thumbnail hentry category-non-classifiee\" role=\"listitem\">\n\t\t\t<div class=\"elementor-post__card\">\n\t\t\t\t<a class=\"elementor-post__thumbnail__link\" href=\"https:\/\/maldasingularhotel.com\/fr\/montserrat-barcelona\/\" tabindex=\"-1\" ><div class=\"elementor-post__thumbnail\"><img loading=\"lazy\" decoding=\"async\" width=\"150\" height=\"150\" src=\"https:\/\/maldasingularhotel.com\/wp-content\/uploads\/2023\/09\/Montserrat-150x150.jpg\" class=\"attachment-thumbnail size-thumbnail wp-image-2461\" alt=\"\" srcset=\"https:\/\/maldasingularhotel.com\/wp-content\/uploads\/2023\/09\/Montserrat-150x150.jpg 150w, https:\/\/maldasingularhotel.com\/wp-content\/uploads\/2023\/09\/Montserrat-570x570.jpg 570w, https:\/\/maldasingularhotel.com\/wp-content\/uploads\/2023\/09\/Montserrat-500x500.jpg 500w\" sizes=\"(max-width: 150px) 100vw, 150px\" \/><\/div><\/a>\n\t\t\t\t<div class=\"elementor-post__text\">\n\t\t\t\t<h3 class=\"elementor-post__title\">\n\t\t\t<a href=\"https:\/\/maldasingularhotel.com\/fr\/montserrat-barcelona\/\" >\n\t\t\t\tMontserrat : la montagne magique de Barcelone\t\t\t<\/a>\n\t\t<\/h3>\n\t\t\t\t<div class=\"elementor-post__excerpt\">\n\t\t\t<p>Visiter Monserrat, c&rsquo;est d\u00e9couvrir un lieu extraordinaire. Situ\u00e9 \u00e0 1 236 m\u00e8tres d&rsquo;altitude, Montserrat est c\u00e9l\u00e8bre pour son monast\u00e8re, son abbaye et ses grottes, ainsi<\/p>\n\t\t<\/div>\n\t\t\n\t\t<a class=\"elementor-post__read-more\" href=\"https:\/\/maldasingularhotel.com\/fr\/montserrat-barcelona\/\" aria-label=\"En savoir plus sur Montserrat : la montagne magique de Barcelone\" tabindex=\"-1\" >\n\t\t\tLeer m\u00e1s \u00bb\t\t<\/a>\n\n\t\t\t\t<\/div>\n\t\t\t\t<div class=\"elementor-post__meta-data\">\n\t\t\t\t\t<span class=\"elementor-post-date\">\n\t\t\toctobre 20, 2023\t\t<\/span>\n\t\t\t\t<span class=\"elementor-post-avatar\">\n\t\t\tAucun commentaire\t\t<\/span>\n\t\t\t\t<\/div>\n\t\t\t\t\t<\/div>\n\t\t<\/article>\n\t\t\t\t<article class=\"elementor-post elementor-grid-item post-2721 post type-post status-publish format-standard has-post-thumbnail hentry category-non-classifiee\" role=\"listitem\">\n\t\t\t<div class=\"elementor-post__card\">\n\t\t\t\t<a class=\"elementor-post__thumbnail__link\" href=\"https:\/\/maldasingularhotel.com\/fr\/que-voir-a-barcelone-en-2-jours\/\" tabindex=\"-1\" ><div class=\"elementor-post__thumbnail\"><img loading=\"lazy\" decoding=\"async\" width=\"150\" height=\"150\" src=\"https:\/\/maldasingularhotel.com\/wp-content\/uploads\/2023\/08\/Barcelona-view-150x150.jpg\" class=\"attachment-thumbnail size-thumbnail wp-image-2177\" alt=\"\" srcset=\"https:\/\/maldasingularhotel.com\/wp-content\/uploads\/2023\/08\/Barcelona-view-150x150.jpg 150w, https:\/\/maldasingularhotel.com\/wp-content\/uploads\/2023\/08\/Barcelona-view-570x570.jpg 570w, https:\/\/maldasingularhotel.com\/wp-content\/uploads\/2023\/08\/Barcelona-view-500x500.jpg 500w, https:\/\/maldasingularhotel.com\/wp-content\/uploads\/2023\/08\/Barcelona-view-1000x1000.jpg 1000w\" sizes=\"(max-width: 150px) 100vw, 150px\" \/><\/div><\/a>\n\t\t\t\t<div class=\"elementor-post__text\">\n\t\t\t\t<h3 class=\"elementor-post__title\">\n\t\t\t<a href=\"https:\/\/maldasingularhotel.com\/fr\/que-voir-a-barcelone-en-2-jours\/\" >\n\t\t\t\tQue voir \u00e0 Barcelone en 2 jours ?\t\t\t<\/a>\n\t\t<\/h3>\n\t\t\t\t<div class=\"elementor-post__excerpt\">\n\t\t\t<p>Vous pr\u00e9voyez un voyage \u00e0 Barcelone et vous voulez faire un programme court pour visiter la ville en 2 jours ? Ce guide de deux<\/p>\n\t\t<\/div>\n\t\t\n\t\t<a class=\"elementor-post__read-more\" href=\"https:\/\/maldasingularhotel.com\/fr\/que-voir-a-barcelone-en-2-jours\/\" aria-label=\"En savoir plus sur Que voir \u00e0 Barcelone en 2 jours ?\" tabindex=\"-1\" >\n\t\t\tLeer m\u00e1s \u00bb\t\t<\/a>\n\n\t\t\t\t<\/div>\n\t\t\t\t<div class=\"elementor-post__meta-data\">\n\t\t\t\t\t<span class=\"elementor-post-date\">\n\t\t\tseptembre 5, 2023\t\t<\/span>\n\t\t\t\t<span class=\"elementor-post-avatar\">\n\t\t\tAucun commentaire\t\t<\/span>\n\t\t\t\t<\/div>\n\t\t\t\t\t<\/div>\n\t\t<\/article>\n\t\t\t\t<article class=\"elementor-post elementor-grid-item post-2871 post type-post status-publish format-standard has-post-thumbnail hentry category-non-classifiee\" role=\"listitem\">\n\t\t\t<div class=\"elementor-post__card\">\n\t\t\t\t<a class=\"elementor-post__thumbnail__link\" href=\"https:\/\/maldasingularhotel.com\/fr\/que-faire-a-barcelone\/\" tabindex=\"-1\" ><div class=\"elementor-post__thumbnail\"><img loading=\"lazy\" decoding=\"async\" width=\"150\" height=\"150\" src=\"https:\/\/maldasingularhotel.com\/wp-content\/uploads\/2023\/05\/10-cosas-imprescindibles-que-hacer-en-Barcelona-150x150.png\" class=\"attachment-thumbnail size-thumbnail wp-image-1889\" alt=\"\" srcset=\"https:\/\/maldasingularhotel.com\/wp-content\/uploads\/2023\/05\/10-cosas-imprescindibles-que-hacer-en-Barcelona-150x150.png 150w, https:\/\/maldasingularhotel.com\/wp-content\/uploads\/2023\/05\/10-cosas-imprescindibles-que-hacer-en-Barcelona-570x570.png 570w, https:\/\/maldasingularhotel.com\/wp-content\/uploads\/2023\/05\/10-cosas-imprescindibles-que-hacer-en-Barcelona-500x500.png 500w\" sizes=\"(max-width: 150px) 100vw, 150px\" \/><\/div><\/a>\n\t\t\t\t<div class=\"elementor-post__text\">\n\t\t\t\t<h3 class=\"elementor-post__title\">\n\t\t\t<a href=\"https:\/\/maldasingularhotel.com\/fr\/que-faire-a-barcelone\/\" >\n\t\t\t\t10 incontournables de Barcelone\t\t\t<\/a>\n\t\t<\/h3>\n\t\t\t\t<div class=\"elementor-post__excerpt\">\n\t\t\t<p>Barcelone, capitale de la Catalogne et deuxi\u00e8me ville d&rsquo;Espagne, est une ville magnifique et dynamique qui a de quoi plaire \u00e0 tout le monde. D\u00e9couvrez<\/p>\n\t\t<\/div>\n\t\t\n\t\t<a class=\"elementor-post__read-more\" href=\"https:\/\/maldasingularhotel.com\/fr\/que-faire-a-barcelone\/\" aria-label=\"En savoir plus sur 10 incontournables de Barcelone\" tabindex=\"-1\" >\n\t\t\tLeer m\u00e1s \u00bb\t\t<\/a>\n\n\t\t\t\t<\/div>\n\t\t\t\t<div class=\"elementor-post__meta-data\">\n\t\t\t\t\t<span class=\"elementor-post-date\">\n\t\t\tmai 23, 2023\t\t<\/span>\n\t\t\t\t<span class=\"elementor-post-avatar\">\n\t\t\tAucun commentaire\t\t<\/span>\n\t\t\t\t<\/div>\n\t\t\t\t\t<\/div>\n\t\t<\/article>\n\t\t\t\t<\/div>\n\t\t\n\t\t\t\t\t\t<\/div>\n\t\t\t\t<\/div>\n\t\t\t\t\t<\/div>\n\t\t\t\t<\/div>\n\t\t\t\t<\/div>\n\t\t","protected":false},"excerpt":{"rendered":"<p>COOL-NEWS<\/p>\n","protected":false},"author":1,"featured_media":0,"parent":0,"menu_order":0,"comment_status":"closed","ping_status":"closed","template":"elementor_header_footer","meta":{"footnotes":""},"class_list":["post-3751","page","type-page","status-publish","hentry"],"yoast_head":"<!-- This site is optimized with the Yoast SEO plugin v27.3 - https:\/\/yoast.com\/product\/yoast-seo-wordpress\/ -->\n<title>Cool news | Malda Singular Hotel<\/title>\n<meta name=\"robots\" content=\"index, follow, max-snippet:-1, max-image-preview:large, max-video-preview:-1\" \/>\n<link rel=\"canonical\" href=\"https:\/\/maldasingularhotel.com\/fr\/cool-news\/\" \/>\n<meta property=\"og:locale\" content=\"fr_FR\" \/>\n<meta property=\"og:type\" content=\"article\" \/>\n<meta property=\"og:title\" content=\"Cool news | Malda Singular Hotel\" \/>\n<meta property=\"og:description\" content=\"COOL-NEWS\" \/>\n<meta property=\"og:url\" content=\"https:\/\/maldasingularhotel.com\/fr\/cool-news\/\" \/>\n<meta property=\"og:site_name\" content=\"Malda Singular Hotel\" \/>\n<meta property=\"article:modified_time\" content=\"2025-09-19T13:37:34+00:00\" \/>\n<meta name=\"twitter:card\" content=\"summary_large_image\" \/>\n<meta name=\"twitter:label1\" content=\"Dur\u00e9e de lecture estim\u00e9e\" \/>\n\t<meta name=\"twitter:data1\" content=\"7 minutes\" \/>\n<script type=\"application\/ld+json\" class=\"yoast-schema-graph\">{\"@context\":\"https:\\\/\\\/schema.org\",\"@graph\":[{\"@type\":\"WebPage\",\"@id\":\"https:\\\/\\\/maldasingularhotel.com\\\/fr\\\/cool-news\\\/\",\"url\":\"https:\\\/\\\/maldasingularhotel.com\\\/fr\\\/cool-news\\\/\",\"name\":\"Cool news | Malda Singular Hotel\",\"isPartOf\":{\"@id\":\"https:\\\/\\\/maldasingularhotel.com\\\/#website\"},\"datePublished\":\"2024-11-18T12:04:21+00:00\",\"dateModified\":\"2025-09-19T13:37:34+00:00\",\"inLanguage\":\"fr-FR\",\"potentialAction\":[{\"@type\":\"ReadAction\",\"target\":[\"https:\\\/\\\/maldasingularhotel.com\\\/fr\\\/cool-news\\\/\"]}]},{\"@type\":\"WebSite\",\"@id\":\"https:\\\/\\\/maldasingularhotel.com\\\/#website\",\"url\":\"https:\\\/\\\/maldasingularhotel.com\\\/\",\"name\":\"Malda Singular Hotel\",\"description\":\"Hotel Boutique en Barcelona\",\"potentialAction\":[{\"@type\":\"SearchAction\",\"target\":{\"@type\":\"EntryPoint\",\"urlTemplate\":\"https:\\\/\\\/maldasingularhotel.com\\\/?s={search_term_string}\"},\"query-input\":{\"@type\":\"PropertyValueSpecification\",\"valueRequired\":true,\"valueName\":\"search_term_string\"}}],\"inLanguage\":\"fr-FR\"}]}<\/script>\n<!-- \/ Yoast SEO plugin. -->","yoast_head_json":{"title":"Cool news | Malda Singular Hotel","robots":{"index":"index","follow":"follow","max-snippet":"max-snippet:-1","max-image-preview":"max-image-preview:large","max-video-preview":"max-video-preview:-1"},"canonical":"https:\/\/maldasingularhotel.com\/fr\/cool-news\/","og_locale":"fr_FR","og_type":"article","og_title":"Cool news | Malda Singular Hotel","og_description":"COOL-NEWS","og_url":"https:\/\/maldasingularhotel.com\/fr\/cool-news\/","og_site_name":"Malda Singular Hotel","article_modified_time":"2025-09-19T13:37:34+00:00","twitter_card":"summary_large_image","twitter_misc":{"Dur\u00e9e de lecture estim\u00e9e":"7 minutes"},"schema":{"@context":"https:\/\/schema.org","@graph":[{"@type":"WebPage","@id":"https:\/\/maldasingularhotel.com\/fr\/cool-news\/","url":"https:\/\/maldasingularhotel.com\/fr\/cool-news\/","name":"Cool news | Malda Singular Hotel","isPartOf":{"@id":"https:\/\/maldasingularhotel.com\/#website"},"datePublished":"2024-11-18T12:04:21+00:00","dateModified":"2025-09-19T13:37:34+00:00","inLanguage":"fr-FR","potentialAction":[{"@type":"ReadAction","target":["https:\/\/maldasingularhotel.com\/fr\/cool-news\/"]}]},{"@type":"WebSite","@id":"https:\/\/maldasingularhotel.com\/#website","url":"https:\/\/maldasingularhotel.com\/","name":"Malda Singular Hotel","description":"Hotel Boutique en Barcelona","potentialAction":[{"@type":"SearchAction","target":{"@type":"EntryPoint","urlTemplate":"https:\/\/maldasingularhotel.com\/?s={search_term_string}"},"query-input":{"@type":"PropertyValueSpecification","valueRequired":true,"valueName":"search_term_string"}}],"inLanguage":"fr-FR"}]}},"_links":{"self":[{"href":"https:\/\/maldasingularhotel.com\/fr\/wp-json\/wp\/v2\/pages\/3751","targetHints":{"allow":["GET"]}}],"collection":[{"href":"https:\/\/maldasingularhotel.com\/fr\/wp-json\/wp\/v2\/pages"}],"about":[{"href":"https:\/\/maldasingularhotel.com\/fr\/wp-json\/wp\/v2\/types\/page"}],"author":[{"embeddable":true,"href":"https:\/\/maldasingularhotel.com\/fr\/wp-json\/wp\/v2\/users\/1"}],"replies":[{"embeddable":true,"href":"https:\/\/maldasingularhotel.com\/fr\/wp-json\/wp\/v2\/comments?post=3751"}],"version-history":[{"count":9,"href":"https:\/\/maldasingularhotel.com\/fr\/wp-json\/wp\/v2\/pages\/3751\/revisions"}],"predecessor-version":[{"id":4508,"href":"https:\/\/maldasingularhotel.com\/fr\/wp-json\/wp\/v2\/pages\/3751\/revisions\/4508"}],"wp:attachment":[{"href":"https:\/\/maldasingularhotel.com\/fr\/wp-json\/wp\/v2\/media?parent=3751"}],"curies":[{"name":"wp","href":"https:\/\/api.w.org\/{rel}","templated":true}]}}