{"id":3804,"date":"2024-11-19T12:22:03","date_gmt":"2024-11-19T12:22:03","guid":{"rendered":"https:\/\/maldasingularhotel.com\/?page_id=3804"},"modified":"2025-09-16T09:54:41","modified_gmt":"2025-09-16T09:54:41","slug":"mentions-legales","status":"publish","type":"page","link":"https:\/\/maldasingularhotel.com\/fr\/mentions-legales\/","title":{"rendered":"Mentions l\u00e9gales"},"content":{"rendered":"\t\t<div data-elementor-type=\"wp-page\" data-elementor-id=\"3804\" class=\"elementor elementor-3804 elementor-3572\" data-elementor-post-type=\"page\">\n\t\t\t\t<div class=\"elementor-element elementor-element-cadfe12 e-flex e-con-boxed e-con e-parent\" data-id=\"cadfe12\" data-element_type=\"container\">\n\t\t\t\t\t<div class=\"e-con-inner\">\n\t\t\t\t<div class=\"elementor-element elementor-element-ef41a51 elementor-widget elementor-widget-text-editor\" data-id=\"ef41a51\" data-element_type=\"widget\" data-widget_type=\"text-editor.default\">\n\t\t\t\t<div class=\"elementor-widget-container\">\n\t\t\t\t\t\t\t\t\t<h1>Mentions L\u00e9gales<\/h1><p>Conform\u00e9ment \u00e0 l\u2019obligation d\u2019information pr\u00e9vue dans l\u2019article 10 de la loi n \u00b0 34\/2002 du 11 juillet sur les services de la soci\u00e9t\u00e9 de l\u2019information et du commerce \u00e9lectronique, nous vous informons que le site internet et le portail Internet\u00a0<a href=\"https:\/\/maldasingularhotel.com\/\">www.maldasingularhotel.com<\/a>\u00a0sont la propri\u00e9t\u00e9 de COOL ROOMS GESTI\u00d3N HOTELERA S.L., dont le si\u00e8ge social est situ\u00e9 CALLE PRINCIPE DE VERGARA, 43 \u2013 28001 \u2013 MADRID et portant le num\u00e9ro CIF B86936739. Cet avis juridique r\u00e9git les conditions d\u2019utilisation du portail Internet susmentionn\u00e9.<\/p><h5>Droit applicable et juridiction<\/h5><p>De mani\u00e8re g\u00e9n\u00e9rale, les relations entre COOL ROOMS GESTI\u00d3N HOTELERA S.L t les utilisateurs de ses services t\u00e9l\u00e9matiques, disponibles sur son site internet, sont soumis \u00e0 la l\u00e9gislation et \u00e0 la juridiction espagnole. Les parties prenantes renoncent express\u00e9ment \u00e0 la juridiction qui leur correspond et se soumettent express\u00e9ment aux cours et tribunaux de MADRID pour r\u00e9soudre tout litige pouvant survenir lors de l\u2019interpr\u00e9tation ou de l\u2019ex\u00e9cution de ces conditions contractuelles.<\/p><h5>Acceptation de l\u2019utilisateur<\/h5><p>Cet avis juridique r\u00e9git l\u2019acc\u00e8s et l\u2019utilisation du site internet COOL ROOMS GESTI\u00d3N HOTELERA S.L. met \u00e0 la disposition de ses utilisateurs. Est consid\u00e9r\u00e9 comme utilisateur, la personne qui acc\u00e8de, navigue, utilise ou participe aux services et activit\u00e9s du site internet.<\/p><p>L\u2019utilisateur est inform\u00e9 et accepte que l\u2019acc\u00e8s \u00e0 ce site internet n\u2019implique en aucun cas le d\u00e9but d\u2019une relation commerciale avec COOL ROOMS GESTI\u00d3N HOTELERA S.L.<\/p><p>L\u2019acc\u00e8s et la navigation sur le site par l\u2019utilisateur impliquent l\u2019acceptation de toutes les pr\u00e9sentes conditions d\u2019utilisation. En cas de d\u00e9saccord avec les conditions, vous devez vous abstenir d\u2019utiliser le site internet.<\/p><h5>Conditions d\u2019acc\u00e8s au site internet<\/h5><p>L\u2019acc\u00e8s au site internet par les utilisateurs est libre et gratuit. Certains services peuvent \u00eatre soumis \u00e0 des contrats de services ant\u00e9rieurs.<\/p><p>S\u2019il est n\u00e9cessaire que l\u2019utilisateur fournisse des donn\u00e9es \u00e0 caract\u00e8re personnel pour acc\u00e9der \u00e0 l\u2019un des services, il est \u00e0 noter que la collecte et le traitement de ces donn\u00e9es seront effectu\u00e9s conform\u00e9ment \u00e0 la r\u00e9glementation en vigueur, en r\u00e9f\u00e9rence \u00e0 la loi RGPD sur la protection des donn\u00e9es. Pour plus d\u2019informations, consultez notre politique de confidentialit\u00e9\u00a0<a href=\"https:\/\/maldasingularhotel.com\/\">www.maldasingularhotel.com<\/a><\/p><h5>Contenus et usage<\/h5><p>L\u2019utilisateur du site internet s\u2019engage \u00e0 naviguer de mani\u00e8re responsable et dans le respect de la l\u00e9gislation en vigueur, en \u00e9tant de bonne foi, et en respectant le pr\u00e9sent avis juridique, tout comme les droits de la propri\u00e9t\u00e9 intellectuelle et industrielle d\u00e9tenus par COOL ROOMS GESTI\u00d3N HOTELERA S.L. ou toute autre personne physique ou morale.<\/p><p>L\u2019utilisation de tout contenu du site internet \u00e0 des fins qui sont ou pourraient \u00eatre ill\u00e9gales est totalement interdite, tout comme l\u2019ex\u00e9cution de toute action qui cause ou pourrait causer des dommages ou des modifications de toute nature non consentis par COOL ROOMS GESTI\u00d3N HOTELERA S.L., et qui affecteraient le site internet ou son contenu.<\/p><p>Le propri\u00e9taire du site internet ne s\u2019identifie pas aux opinions exprim\u00e9es par ses collaborateurs. La soci\u00e9t\u00e9 se r\u00e9serve le droit d\u2019apporter les modifications qu\u2019elle jugera appropri\u00e9es sur son site web sans pr\u00e9avis, en pouvant modifier, supprimer ou ajouter \u00e0 la fois le contenu et les services fournis par ses soins, ainsi que la mani\u00e8re dont ils sont pr\u00e9sent\u00e9s ou situ\u00e9s sur ses serveurs.<\/p><h5>Propri\u00e9t\u00e9 intellectuelle et industrielle<\/h5><p>Les droits de propri\u00e9t\u00e9 intellectuelle sur le contenu des pages du site internet, leur graphisme et leurs codes sont la propri\u00e9t\u00e9 de GLOBHI MANAGEMENT et, par cons\u00e9quent, sa reproduction, distribution, communication publique, transformation ou toute autre activit\u00e9 r\u00e9alis\u00e9e avec le contenu du site internet est interdite, m\u00eame si les sources sont cit\u00e9es, sauf autorisation expresse pr\u00e9alable et par \u00e9crit de COOL ROOMS GESTI\u00d3N HOTELERA S.L .<\/p><p>Tous les noms commerciaux, marques de commerce ou signes autres que ceux mentionn\u00e9s dans les pages du site internet de la soci\u00e9t\u00e9 sont la propri\u00e9t\u00e9 de leurs propri\u00e9taires et sont prot\u00e9g\u00e9s par la loi.<\/p><p>COOL ROOMS GESTI\u00d3N HOTELERA S.L. n\u2019accorde aucune licence ou autorisation d\u2019utilisation de quelque nature que ce soit sur ses droits de propri\u00e9t\u00e9 intellectuelle et industrielle ou sur tout autre bien ou droit li\u00e9 au site internet, et il ne sera en aucun cas compris que l\u2019acc\u00e8s et la navigation des utilisateurs impliquent une renonciation, transmission, licence ou cession total ou partiel desdits droits par COOL ROOMS GESTI\u00d3N HOTELERA S.L.<\/p><p>Toute utilisation de contenu non autoris\u00e9e au pr\u00e9alable COOL ROOMS GESTI\u00d3N HOTELERA S.L.. sera consid\u00e9r\u00e9 comme une violation grave des droits de la propri\u00e9t\u00e9 intellectuelle ou industrielle et donnera lieu \u00e0 des sanctions juridiquement \u00e9tablies. COOL ROOMS GESTI\u00d3N HOTELERA S.L. se r\u00e9serve le droit d\u2019exercer les actions judiciaires et extrajudiciaires correspondantes \u00e0 l\u2019encontre de l\u2019utilisateur.<\/p><h5>Responsabilit\u00e9 et garanties<\/h5><p>COOL ROOMS GESTI\u00d3N HOTELERA S.L. d\u00e9clare avoir adopt\u00e9 les mesures n\u00e9cessaires pour, dans la mesure du possible et des moyens techniques existants, assurer le bon fonctionnement de son site internet ainsi que la protection de ses usagers contre les virus et composants nuisibles. Cependant, COOL ROOMS GESTI\u00d3N HOTELERA S.L. ne peut \u00eatre tenu responsable des situations suivantes, \u00e9num\u00e9r\u00e9es mais ne se limitant pas \u00e0:<\/p><ul><li>La continuit\u00e9 et disponibilit\u00e9 du contenu.<\/li><li>L\u2019absence d\u2019erreurs dans ledit contenu, ni la correction de tout d\u00e9faut qui pourrait survenir.<\/li><li>L\u2019absence de virus et \/ ou d\u2019autres composants nocifs.<\/li><li>Les dommages caus\u00e9s par toute personne qui viole les syst\u00e8mes de s\u00e9curit\u00e9 de COOL ROOMS GESTI\u00d3N HOTELERA S.L. .<\/li><li>L\u2019utilisation que les utilisateurs peuvent faire du contenu disponible sur le site internet. En cons\u00e9quence, COOL ROOMS GESTI\u00d3N HOTELERA S.L. ne garantit pas que l\u2019utilisation que peut faire l\u2019utilisateur du contenu disponible sur le site internet soit conforme \u00e0 la pr\u00e9sente notice l\u00e9gale et au droit de la propri\u00e9t\u00e9 intellectuelle, ni que le site internet soit utilis\u00e9 avec pr\u00e9caution par l\u2019utilisateur.<\/li><li>L\u2019utilisation du site par des mineurs ou l\u2019envoi de leurs donn\u00e9es personnelles sans la permission de leurs tuteurs, les tuteurs \u00e9tant responsables de l\u2019utilisation qu\u2019ils font du site internet.<\/li><li>Le contenu auquel l\u2019utilisateur peut acc\u00e9der via des liens non autoris\u00e9s ou introduit par les utilisateurs via des commentaires ou des outils similaires.<\/li><li>L\u2019introduction de donn\u00e9es erron\u00e9es par l\u2019utilisateur ou par un tiers.<\/li><\/ul><p>COOL ROOMS GESTI\u00d3N HOTELERA S.L. peut suspendre temporairement et sans pr\u00e9avis l\u2019acc\u00e8s au site internet en raison d\u2019op\u00e9rations de maintenance, de r\u00e9paration, de mise \u00e0 jour ou d\u2019am\u00e9lioration du syst\u00e8me. Cependant, chaque fois que les circonstances le permettent, COOL ROOMS GESTI\u00d3N HOTELERA S.L.. communiquera pr\u00e9alablement \u00e0 l\u2019utilisateur la date pr\u00e9vue de suspension du contenu.<\/p><p>En outre, conform\u00e9ment aux articles 11 et 16 de la loi 34\/2002 du 11 juillet sur les services de la soci\u00e9t\u00e9 de l\u2019information et du commerce \u00e9lectronique (LSSICE), COOL ROOMS GESTI\u00d3N HOTELERA S.L.. s\u2019engage \u00e0 \u00e9liminer ou \u00e0 bloquer, le cas \u00e9ch\u00e9ant, le contenu qui pourrait affecter ou \u00eatre contraire \u00e0 la l\u00e9gislation en vigueur, aux droits des tiers ou \u00e0 l\u2019ordre public et moral.<\/p><h5>Cookies<\/h5><p>COOL ROOMS GESTI\u00d3N HOTELERA S.L.. utilise des cookies afin d\u2019optimiser et de personnaliser votre navigation sur le site. Les cookies sont des fichiers d\u2019informations physiques h\u00e9berg\u00e9s dans le terminal de l\u2019utilisateur. Les informations collect\u00e9es par le biais des cookies servent \u00e0 faciliter la navigation de l\u2019utilisateur sur le portail et \u00e0 optimiser l\u2019exp\u00e9rience de navigation. Les donn\u00e9es collect\u00e9es par le biais de cookies peuvent \u00eatre partag\u00e9es avec leurs cr\u00e9ateurs, mais les informations obtenues par ceux-ci ne seront en aucun cas associ\u00e9es \u00e0 des donn\u00e9es personnelles ou \u00e0 des donn\u00e9es permettant d\u2019identifier l\u2019utilisateur.<\/p><p>Toutefois, si l\u2019utilisateur ne souhaite pas que les cookies soient install\u00e9s sur son disque dur, il a la possibilit\u00e9 de configurer le navigateur de mani\u00e8re \u00e0 interdire l\u2019installation de ces fichiers. Pour plus d\u2019informations, consultez notre Politique de cookies\u00a0<a href=\"https:\/\/maldasingularhotel.com\/\">www.maldasingularhotel.com<\/a><\/p><p>La pr\u00e9sence de liens sur le site internet de COOL ROOMS GESTI\u00d3N HOTELERA S.L. renvoyant vers d\u2019autres sites Internet n\u2019a qu\u2019une simple vocation informative et n\u2019implique en aucun cas une suggestion, une invitation ou une recommandation de leur part. COOL ROOMS GESTI\u00d3N HOTELERA S.L. n\u2019assumera aucune responsabilit\u00e9 pour le contenu d\u2019un lien appartenant \u00e0 un site internet tiers, ni ne garantira la fiabilit\u00e9, la pr\u00e9cision, l\u2019\u00e9tendue, la v\u00e9racit\u00e9, la validit\u00e9 et la disponibilit\u00e9 technique.<\/p><p>Si d\u2019autres sites internet \u00e9tablissent des liens vers le site internet de COOL ROOMS GESTI\u00d3N HOTELERA S.L. cela ne signifie pas que COOL ROOMS GESTI\u00d3N HOTELERA S.L. a autoris\u00e9 le lien ou que COOL ROOMS GESTI\u00d3N HOTELERA S.L. est en accord avec le contenu du site internet tiers. Cela n\u2019autorise pas non plus que la page du lien diffuse un contenu inappropri\u00e9, diffamatoire, ill\u00e9gal, obsc\u00e8ne ou ill\u00e9gal, ou un autre contenu contraire \u00e0 la loi en vigueur.<\/p><p>COOL ROOMS GESTI\u00d3N HOTELERA S.L. se r\u00e9serve la possibilit\u00e9 de contacter le propri\u00e9taire du site internet dont le lien est \u00e9tabli s\u2019il estime que le r\u00e8glement est enfreint, ainsi que d\u2019exercer les actions judiciaires et extrajudiciaires correspondantes.<\/p><h5>Modification des conditions<\/h5><div class=\"wpb_text_column wpb_content_element \"><div class=\"wpb_wrapper\"><div class=\"wpb_text_column wpb_content_element \"><div class=\"wpb_wrapper\"><p>COOL ROOMS GESTI\u00d3N HOTELERA S.L. se r\u00e9serve express\u00e9ment le droit de modifier unilat\u00e9ralement, totalement ou partiellement, sans pr\u00e9avis, les pr\u00e9sentes mentions l\u00e9gales. L\u2019utilisateur reconna\u00eet et accepte qu\u2019il lui incombe de consulter p\u00e9riodiquement le pr\u00e9sent avis juridique.<\/p><\/div><\/div><\/div><\/div>\t\t\t\t\t\t\t\t<\/div>\n\t\t\t\t<\/div>\n\t\t\t\t\t<\/div>\n\t\t\t\t<\/div>\n\t\t\t\t<\/div>\n\t\t","protected":false},"excerpt":{"rendered":"<p>Mentions L\u00e9gales Conform\u00e9ment \u00e0 l\u2019obligation d\u2019information pr\u00e9vue dans l\u2019article 10 de la loi n \u00b0 34\/2002 du 11 juillet sur les services de la soci\u00e9t\u00e9 de l\u2019information et du commerce \u00e9lectronique, nous vous informons que le site internet et le portail Internet\u00a0www.maldasingularhotel.com\u00a0sont la propri\u00e9t\u00e9 de COOL ROOMS GESTI\u00d3N HOTELERA S.L., dont le si\u00e8ge social est [&hellip;]<\/p>\n","protected":false},"author":1,"featured_media":0,"parent":0,"menu_order":0,"comment_status":"closed","ping_status":"closed","template":"elementor_header_footer","meta":{"footnotes":""},"class_list":["post-3804","page","type-page","status-publish","hentry"],"yoast_head":"<!-- This site is optimized with the Yoast SEO plugin v27.3 - https:\/\/yoast.com\/product\/yoast-seo-wordpress\/ -->\n<title>Mentions l\u00e9gales | Malda Singular Hotel<\/title>\n<meta name=\"robots\" content=\"index, follow, max-snippet:-1, max-image-preview:large, max-video-preview:-1\" \/>\n<link rel=\"canonical\" href=\"https:\/\/maldasingularhotel.com\/fr\/mentions-legales\/\" \/>\n<meta property=\"og:locale\" content=\"fr_FR\" \/>\n<meta property=\"og:type\" content=\"article\" \/>\n<meta property=\"og:title\" content=\"Mentions l\u00e9gales | Malda Singular Hotel\" \/>\n<meta property=\"og:description\" content=\"Mentions L\u00e9gales Conform\u00e9ment \u00e0 l\u2019obligation d\u2019information pr\u00e9vue dans l\u2019article 10 de la loi n \u00b0 34\/2002 du 11 juillet sur les services de la soci\u00e9t\u00e9 de l\u2019information et du commerce \u00e9lectronique, nous vous informons que le site internet et le portail Internet\u00a0www.maldasingularhotel.com\u00a0sont la propri\u00e9t\u00e9 de COOL ROOMS GESTI\u00d3N HOTELERA S.L., dont le si\u00e8ge social est [&hellip;]\" \/>\n<meta property=\"og:url\" content=\"https:\/\/maldasingularhotel.com\/fr\/mentions-legales\/\" \/>\n<meta property=\"og:site_name\" content=\"Malda Singular Hotel\" \/>\n<meta property=\"article:modified_time\" content=\"2025-09-16T09:54:41+00:00\" \/>\n<meta name=\"twitter:card\" content=\"summary_large_image\" \/>\n<meta name=\"twitter:label1\" content=\"Dur\u00e9e de lecture estim\u00e9e\" \/>\n\t<meta name=\"twitter:data1\" content=\"8 minutes\" \/>\n<script type=\"application\/ld+json\" class=\"yoast-schema-graph\">{\"@context\":\"https:\\\/\\\/schema.org\",\"@graph\":[{\"@type\":\"WebPage\",\"@id\":\"https:\\\/\\\/maldasingularhotel.com\\\/fr\\\/mentions-legales\\\/\",\"url\":\"https:\\\/\\\/maldasingularhotel.com\\\/fr\\\/mentions-legales\\\/\",\"name\":\"Mentions l\u00e9gales | Malda Singular Hotel\",\"isPartOf\":{\"@id\":\"https:\\\/\\\/maldasingularhotel.com\\\/#website\"},\"datePublished\":\"2024-11-19T12:22:03+00:00\",\"dateModified\":\"2025-09-16T09:54:41+00:00\",\"inLanguage\":\"fr-FR\",\"potentialAction\":[{\"@type\":\"ReadAction\",\"target\":[\"https:\\\/\\\/maldasingularhotel.com\\\/fr\\\/mentions-legales\\\/\"]}]},{\"@type\":\"WebSite\",\"@id\":\"https:\\\/\\\/maldasingularhotel.com\\\/#website\",\"url\":\"https:\\\/\\\/maldasingularhotel.com\\\/\",\"name\":\"Malda Singular Hotel\",\"description\":\"Hotel Boutique en Barcelona\",\"potentialAction\":[{\"@type\":\"SearchAction\",\"target\":{\"@type\":\"EntryPoint\",\"urlTemplate\":\"https:\\\/\\\/maldasingularhotel.com\\\/?s={search_term_string}\"},\"query-input\":{\"@type\":\"PropertyValueSpecification\",\"valueRequired\":true,\"valueName\":\"search_term_string\"}}],\"inLanguage\":\"fr-FR\"}]}<\/script>\n<!-- \/ Yoast SEO plugin. -->","yoast_head_json":{"title":"Mentions l\u00e9gales | Malda Singular Hotel","robots":{"index":"index","follow":"follow","max-snippet":"max-snippet:-1","max-image-preview":"max-image-preview:large","max-video-preview":"max-video-preview:-1"},"canonical":"https:\/\/maldasingularhotel.com\/fr\/mentions-legales\/","og_locale":"fr_FR","og_type":"article","og_title":"Mentions l\u00e9gales | Malda Singular Hotel","og_description":"Mentions L\u00e9gales Conform\u00e9ment \u00e0 l\u2019obligation d\u2019information pr\u00e9vue dans l\u2019article 10 de la loi n \u00b0 34\/2002 du 11 juillet sur les services de la soci\u00e9t\u00e9 de l\u2019information et du commerce \u00e9lectronique, nous vous informons que le site internet et le portail Internet\u00a0www.maldasingularhotel.com\u00a0sont la propri\u00e9t\u00e9 de COOL ROOMS GESTI\u00d3N HOTELERA S.L., dont le si\u00e8ge social est [&hellip;]","og_url":"https:\/\/maldasingularhotel.com\/fr\/mentions-legales\/","og_site_name":"Malda Singular Hotel","article_modified_time":"2025-09-16T09:54:41+00:00","twitter_card":"summary_large_image","twitter_misc":{"Dur\u00e9e de lecture estim\u00e9e":"8 minutes"},"schema":{"@context":"https:\/\/schema.org","@graph":[{"@type":"WebPage","@id":"https:\/\/maldasingularhotel.com\/fr\/mentions-legales\/","url":"https:\/\/maldasingularhotel.com\/fr\/mentions-legales\/","name":"Mentions l\u00e9gales | Malda Singular Hotel","isPartOf":{"@id":"https:\/\/maldasingularhotel.com\/#website"},"datePublished":"2024-11-19T12:22:03+00:00","dateModified":"2025-09-16T09:54:41+00:00","inLanguage":"fr-FR","potentialAction":[{"@type":"ReadAction","target":["https:\/\/maldasingularhotel.com\/fr\/mentions-legales\/"]}]},{"@type":"WebSite","@id":"https:\/\/maldasingularhotel.com\/#website","url":"https:\/\/maldasingularhotel.com\/","name":"Malda Singular Hotel","description":"Hotel Boutique en Barcelona","potentialAction":[{"@type":"SearchAction","target":{"@type":"EntryPoint","urlTemplate":"https:\/\/maldasingularhotel.com\/?s={search_term_string}"},"query-input":{"@type":"PropertyValueSpecification","valueRequired":true,"valueName":"search_term_string"}}],"inLanguage":"fr-FR"}]}},"_links":{"self":[{"href":"https:\/\/maldasingularhotel.com\/fr\/wp-json\/wp\/v2\/pages\/3804","targetHints":{"allow":["GET"]}}],"collection":[{"href":"https:\/\/maldasingularhotel.com\/fr\/wp-json\/wp\/v2\/pages"}],"about":[{"href":"https:\/\/maldasingularhotel.com\/fr\/wp-json\/wp\/v2\/types\/page"}],"author":[{"embeddable":true,"href":"https:\/\/maldasingularhotel.com\/fr\/wp-json\/wp\/v2\/users\/1"}],"replies":[{"embeddable":true,"href":"https:\/\/maldasingularhotel.com\/fr\/wp-json\/wp\/v2\/comments?post=3804"}],"version-history":[{"count":10,"href":"https:\/\/maldasingularhotel.com\/fr\/wp-json\/wp\/v2\/pages\/3804\/revisions"}],"predecessor-version":[{"id":4349,"href":"https:\/\/maldasingularhotel.com\/fr\/wp-json\/wp\/v2\/pages\/3804\/revisions\/4349"}],"wp:attachment":[{"href":"https:\/\/maldasingularhotel.com\/fr\/wp-json\/wp\/v2\/media?parent=3804"}],"curies":[{"name":"wp","href":"https:\/\/api.w.org\/{rel}","templated":true}]}}