{"id":3819,"date":"2024-11-19T12:16:50","date_gmt":"2024-11-19T12:16:50","guid":{"rendered":"https:\/\/maldasingularhotel.com\/?page_id=3819"},"modified":"2025-09-16T10:03:48","modified_gmt":"2025-09-16T10:03:48","slug":"politique-de-cookies","status":"publish","type":"page","link":"https:\/\/maldasingularhotel.com\/fr\/politique-de-cookies\/","title":{"rendered":"Politique de cookies"},"content":{"rendered":"\t\t<div data-elementor-type=\"wp-page\" data-elementor-id=\"3819\" class=\"elementor elementor-3819 elementor-3560\" data-elementor-post-type=\"page\">\n\t\t\t\t<div class=\"elementor-element elementor-element-6f9ee88 e-flex e-con-boxed e-con e-parent\" data-id=\"6f9ee88\" data-element_type=\"container\">\n\t\t\t\t\t<div class=\"e-con-inner\">\n\t\t\t\t<div class=\"elementor-element elementor-element-a9db2cd elementor-widget elementor-widget-text-editor\" data-id=\"a9db2cd\" data-element_type=\"widget\" data-widget_type=\"text-editor.default\">\n\t\t\t\t<div class=\"elementor-widget-container\">\n\t\t\t\t\t\t\t\t\t<h3>Politique de cookies<\/h3><p>Conform\u00e9ment au devoir d\u2019information pr\u00e9vu dans la section 2 de l\u2019article 22 de la loi n \u00b0 34\/2002 du 11 juillet sur les services de la soci\u00e9t\u00e9 de l\u2019information et le commerce \u00e9lectronique, la pr\u00e9sente politique en mati\u00e8re de cookies est destin\u00e9e \u00e0 vous informer de mani\u00e8re claire et pr\u00e9cise sur les cookies utilis\u00e9s sur le site internet de\u00a0<span class=\"ui-provider baf bag bah bai baj bak bal bam ban bao bap baq bar bas bat bau bav baw bax bay baz bba bbb bbc bbd bbe bbf bbg bbh bbi bbj bbk bbl bbm bbn\" dir=\"ltr\">COOL ROOMS GESTI\u00d3N S.L.<\/span><\/p><h5>Que sont les cookies?<\/h5><p>Un cookie est un petit fichier que les sites internet envoient au navigateur et qui sont t\u00e9l\u00e9charg\u00e9s sur votre ordinateur. Les cookies permettent au site internet de stocker et de r\u00e9cup\u00e9rer des informations li\u00e9es \u00e0 votre visite, telles que la langue dans laquelle vous pr\u00e9f\u00e9rez visiter un site internet et d\u2019autres options, dans le but d\u2019am\u00e9liorer les services propos\u00e9s et de contribuer \u00e0 une meilleure exp\u00e9rience de navigation de l\u2019utilisateur.<\/p><h5>\u00a0Autorisation pour l\u2019utilisation des cookies<\/h5><p>Conform\u00e9ment \u00e0 l\u2019information sur les cookies qui appara\u00eet sur votre \u00e9cran en consultant notre site internet, l\u2019utilisateur accepte et consent qu\u2019en naviguant sur ce dernier, des cookies seront utilis\u00e9s conform\u00e9ment \u00e0 la description d\u00e9taill\u00e9e ci-dessous, sans affecter le fait qu\u2019il peut modifier la configuration de son navigateur pour refuser l\u2019utilisation de cookies.<\/p><h5>Types de cookies<\/h5><p>Selon le domaine depuis lequel les donn\u00e9es sont envoy\u00e9es et trait\u00e9es, on fera la distinction entre les cookies propres et les cookies de tierce parties.<\/p><p>Les cookies peuvent \u00e9galement \u00eatre class\u00e9s en fonction de la dur\u00e9e pendant laquelle ils restent stock\u00e9s dans le navigateur de l\u2019utilisateur, en distinguant les cookies de session des cookies persistants.<\/p><p>Enfin, en fonction du but dans lequel les informations collect\u00e9es sont trait\u00e9es, les cookies peuvent \u00eatre class\u00e9s selon diff\u00e9rentes cat\u00e9gories :<\/p><ul><li><strong>Cookies techniques<\/strong>\u00a0: permettent \u00e0 l\u2019utilisateur de naviguer sur un site internet et d\u2019utiliser certains des services propos\u00e9s par celui-ci (tels que ceux utilis\u00e9s pour m\u00e9moriser les \u00e9l\u00e9ments d\u2019un panier d\u2019achat).<\/li><li><strong>Cookies de personnalisation<\/strong>\u00a0: permettent \u00e0 l\u2019utilisateur d\u2019acc\u00e9der au site internet avec certaines caract\u00e9ristiques, telles que le choix de la langue.<\/li><li><strong>Cookies de s\u00e9curit\u00e9<\/strong>\u00a0: ils servent \u00e0 pr\u00e9venir ou \u00e0 emp\u00eacher les attaques contre le site internet.<\/li><li><strong>Cookies compl\u00e9mentaires pour \u00e9changer du contenu social<\/strong>\u00a0: les plugins, qui permettent de partager du contenu sur les r\u00e9seaux sociaux.<\/li><li><strong>Cookies d\u2019analyse<\/strong>\u00a0: permettent au responsable de surveiller le comportement de l\u2019utilisateur.<\/li><li><strong>Cookies publicitaires<\/strong>\u00a0: vous permettent de g\u00e9rer les espaces publicitaires du site.<\/li><li><strong>Cookies de publicit\u00e9 comportementale<\/strong>\u00a0: comme les pr\u00e9c\u00e9dents, ils sont utilis\u00e9s pour g\u00e9rer les espaces publicitaires du site internet en fonction des informations collect\u00e9es sur le comportement et les habitudes de l\u2019utilisateur, en adaptant la publicit\u00e9 au profil de l\u2019utilisateur.<\/li><li><strong>Cookies de g\u00e9olocalisation<\/strong>\u00a0: utilis\u00e9s pour conna\u00eetre le pays o\u00f9 se trouve l\u2019utilisateur.<\/li><\/ul><h5>Comment g\u00e9rer la configuration des cookies<\/h5><p>Vous pouvez restreindre, bloquer ou supprimer les cookies de\u00a0<span class=\"ui-provider baf bag bah bai baj bak bal bam ban bao bap baq bar bas bat bau bav baw bax bay baz bba bbb bbc bbd bbe bbf bbg bbh bbi bbj bbk bbl bbm bbn\" dir=\"ltr\">COOL ROOMS GESTI\u00d3N S.L.\u00a0<\/span>ou toute autre page internet utilisant votre navigateur. Dans chaque navigateur, l\u2019op\u00e9ration est diff\u00e9rente, vous pouvez trouver comment le faire dans le menu d\u2019aide de votre navigateur, o\u00f9 la proc\u00e9dure sera indiqu\u00e9e. Pour plus d\u2019informations :<\/p><ul><li>Google Chrome:<a href=\"https:\/\/support.google.com\/chrome\/answer\/95647?co=GENIE.Platform%253%20DDesktop&amp;hl=es\">\u00a0https:\/\/support.google.com\/chrome\/answer\/95647?co=GENIE.Platform%253 DDesktop&amp;hl=es<\/a><\/li><li>Mozilla Firefox:\u00a0<a href=\"https:\/\/support.mozilla.org\/es\/kb\/habilitar-y-deshabilitar-cookies-%20sitios-web-rastrear-preferencias\">https:\/\/support.mozilla.org\/es\/kb\/habilitar-y-deshabilitar-cookies- sitios-web-rastrear-preferencias<\/a><\/li><li>Safari:\u00a0<a href=\"https:\/\/support.apple.com\/es-es\/guide\/safari\/sfri11471\/mac\">https:\/\/support.apple.com\/es-es\/guide\/safari\/sfri11471\/mac<\/a><\/li><li>Internet Explorer:<a href=\"https:\/\/support.microsoft.com\/es-es\/help\/278835\/how-to-delete-cookie-files-in-internet-explorer\">\u00a0https:\/\/support.microsoft.com\/es-es\/help\/278835\/how-to-delete-cookie-files-in-internet-explorer<\/a><\/li><li>\u00a0<\/li><\/ul><p>Il est possible qu\u2019en d\u00e9sactivant les cookies, le site internet cesse de fonctionner correctement ou que vous ne puissiez pas acc\u00e9der \u00e0 certaines de ses fonctions.<\/p><h5>Cookies utilis\u00e9s sur le site internet<\/h5><p>Dans le portail Web, diff\u00e9rents types de cookies sont utilis\u00e9s \u00e0 diff\u00e9rentes fins, puis les cookies utilis\u00e9s sont r\u00e9pertori\u00e9s :<\/p><p>IDE<\/p><table class=\"data\"><tbody><tr><td>IDE<\/td><\/tr><tr><td>_fbp<\/td><\/tr><tr class=\"data-grid-data-grid-node revealed\"><td>_ga<\/td><\/tr><tr><td>_gid<\/td><\/tr><tr><td>_icl_current_language<\/td><\/tr><tr><td>_icl_visitor_lang_js<\/td><td>\u00a0<\/td><\/tr><tr><td>fr<\/td><td>\u00a0<\/td><\/tr><tr><td>gid<\/td><td>\u00a0<\/td><\/tr><tr><td>wpml_browser_redirect_test<\/td><td>\u00a0<\/td><\/tr><\/tbody><\/table><p>\u00a0<\/p><h5>Modification des conditions<\/h5><div class=\"vc_row wpb_row section vc_row-fluid vc_inner \"><div class=\" full_section_inner clearfix\"><div class=\"wpb_column vc_column_container vc_col-sm-12\"><div class=\"vc_column-inner\"><div class=\"wpb_wrapper\"><div class=\"wpb_text_column wpb_content_element \"><div class=\"wpb_wrapper\"><p><span class=\"ui-provider baf bag bah bai baj bak bal bam ban bao bap baq bar bas bat bau bav baw bax bay baz bba bbb bbc bbd bbe bbf bbg bbh bbi bbj bbk bbl bbm bbn\" dir=\"ltr\">COOL ROOMS GESTI\u00d3N S.L.\u00a0<\/span>se r\u00e9serve express\u00e9ment le droit de modifier unilat\u00e9ralement, totalement ou partiellement, sans pr\u00e9avis, cette politique de cookies. L\u2019utilisateur reconna\u00eet et accepte qu\u2019il lui incombe de prendre connaissance de cette politique de cookies.<\/p><\/div><\/div><\/div><\/div><\/div><\/div><\/div>\t\t\t\t\t\t\t\t<\/div>\n\t\t\t\t<\/div>\n\t\t\t\t\t<\/div>\n\t\t\t\t<\/div>\n\t\t\t\t<\/div>\n\t\t","protected":false},"excerpt":{"rendered":"<p>Politique de cookies Conform\u00e9ment au devoir d\u2019information pr\u00e9vu dans la section 2 de l\u2019article 22 de la loi n \u00b0 34\/2002 du 11 juillet sur les services de la soci\u00e9t\u00e9 de l\u2019information et le commerce \u00e9lectronique, la pr\u00e9sente politique en mati\u00e8re de cookies est destin\u00e9e \u00e0 vous informer de mani\u00e8re claire et pr\u00e9cise sur les [&hellip;]<\/p>\n","protected":false},"author":1,"featured_media":0,"parent":0,"menu_order":0,"comment_status":"closed","ping_status":"closed","template":"elementor_header_footer","meta":{"footnotes":""},"class_list":["post-3819","page","type-page","status-publish","hentry"],"yoast_head":"<!-- This site is optimized with the Yoast SEO plugin v27.3 - https:\/\/yoast.com\/product\/yoast-seo-wordpress\/ -->\n<title>Politique de cookies | Malda Singular Hotel<\/title>\n<meta name=\"robots\" content=\"index, follow, max-snippet:-1, max-image-preview:large, max-video-preview:-1\" \/>\n<link rel=\"canonical\" href=\"https:\/\/maldasingularhotel.com\/fr\/politique-de-cookies\/\" \/>\n<meta property=\"og:locale\" content=\"fr_FR\" \/>\n<meta property=\"og:type\" content=\"article\" \/>\n<meta property=\"og:title\" content=\"Politique de cookies | Malda Singular Hotel\" \/>\n<meta property=\"og:description\" content=\"Politique de cookies Conform\u00e9ment au devoir d\u2019information pr\u00e9vu dans la section 2 de l\u2019article 22 de la loi n \u00b0 34\/2002 du 11 juillet sur les services de la soci\u00e9t\u00e9 de l\u2019information et le commerce \u00e9lectronique, la pr\u00e9sente politique en mati\u00e8re de cookies est destin\u00e9e \u00e0 vous informer de mani\u00e8re claire et pr\u00e9cise sur les [&hellip;]\" \/>\n<meta property=\"og:url\" content=\"https:\/\/maldasingularhotel.com\/fr\/politique-de-cookies\/\" \/>\n<meta property=\"og:site_name\" content=\"Malda Singular Hotel\" \/>\n<meta property=\"article:modified_time\" content=\"2025-09-16T10:03:48+00:00\" \/>\n<meta name=\"twitter:card\" content=\"summary_large_image\" \/>\n<meta name=\"twitter:label1\" content=\"Dur\u00e9e de lecture estim\u00e9e\" \/>\n\t<meta name=\"twitter:data1\" content=\"4 minutes\" \/>\n<script type=\"application\/ld+json\" class=\"yoast-schema-graph\">{\"@context\":\"https:\\\/\\\/schema.org\",\"@graph\":[{\"@type\":\"WebPage\",\"@id\":\"https:\\\/\\\/maldasingularhotel.com\\\/fr\\\/politique-de-cookies\\\/\",\"url\":\"https:\\\/\\\/maldasingularhotel.com\\\/fr\\\/politique-de-cookies\\\/\",\"name\":\"Politique de cookies | Malda Singular Hotel\",\"isPartOf\":{\"@id\":\"https:\\\/\\\/maldasingularhotel.com\\\/#website\"},\"datePublished\":\"2024-11-19T12:16:50+00:00\",\"dateModified\":\"2025-09-16T10:03:48+00:00\",\"inLanguage\":\"fr-FR\",\"potentialAction\":[{\"@type\":\"ReadAction\",\"target\":[\"https:\\\/\\\/maldasingularhotel.com\\\/fr\\\/politique-de-cookies\\\/\"]}]},{\"@type\":\"WebSite\",\"@id\":\"https:\\\/\\\/maldasingularhotel.com\\\/#website\",\"url\":\"https:\\\/\\\/maldasingularhotel.com\\\/\",\"name\":\"Malda Singular Hotel\",\"description\":\"Hotel Boutique en Barcelona\",\"potentialAction\":[{\"@type\":\"SearchAction\",\"target\":{\"@type\":\"EntryPoint\",\"urlTemplate\":\"https:\\\/\\\/maldasingularhotel.com\\\/?s={search_term_string}\"},\"query-input\":{\"@type\":\"PropertyValueSpecification\",\"valueRequired\":true,\"valueName\":\"search_term_string\"}}],\"inLanguage\":\"fr-FR\"}]}<\/script>\n<!-- \/ Yoast SEO plugin. -->","yoast_head_json":{"title":"Politique de cookies | Malda Singular Hotel","robots":{"index":"index","follow":"follow","max-snippet":"max-snippet:-1","max-image-preview":"max-image-preview:large","max-video-preview":"max-video-preview:-1"},"canonical":"https:\/\/maldasingularhotel.com\/fr\/politique-de-cookies\/","og_locale":"fr_FR","og_type":"article","og_title":"Politique de cookies | Malda Singular Hotel","og_description":"Politique de cookies Conform\u00e9ment au devoir d\u2019information pr\u00e9vu dans la section 2 de l\u2019article 22 de la loi n \u00b0 34\/2002 du 11 juillet sur les services de la soci\u00e9t\u00e9 de l\u2019information et le commerce \u00e9lectronique, la pr\u00e9sente politique en mati\u00e8re de cookies est destin\u00e9e \u00e0 vous informer de mani\u00e8re claire et pr\u00e9cise sur les [&hellip;]","og_url":"https:\/\/maldasingularhotel.com\/fr\/politique-de-cookies\/","og_site_name":"Malda Singular Hotel","article_modified_time":"2025-09-16T10:03:48+00:00","twitter_card":"summary_large_image","twitter_misc":{"Dur\u00e9e de lecture estim\u00e9e":"4 minutes"},"schema":{"@context":"https:\/\/schema.org","@graph":[{"@type":"WebPage","@id":"https:\/\/maldasingularhotel.com\/fr\/politique-de-cookies\/","url":"https:\/\/maldasingularhotel.com\/fr\/politique-de-cookies\/","name":"Politique de cookies | Malda Singular Hotel","isPartOf":{"@id":"https:\/\/maldasingularhotel.com\/#website"},"datePublished":"2024-11-19T12:16:50+00:00","dateModified":"2025-09-16T10:03:48+00:00","inLanguage":"fr-FR","potentialAction":[{"@type":"ReadAction","target":["https:\/\/maldasingularhotel.com\/fr\/politique-de-cookies\/"]}]},{"@type":"WebSite","@id":"https:\/\/maldasingularhotel.com\/#website","url":"https:\/\/maldasingularhotel.com\/","name":"Malda Singular Hotel","description":"Hotel Boutique en Barcelona","potentialAction":[{"@type":"SearchAction","target":{"@type":"EntryPoint","urlTemplate":"https:\/\/maldasingularhotel.com\/?s={search_term_string}"},"query-input":{"@type":"PropertyValueSpecification","valueRequired":true,"valueName":"search_term_string"}}],"inLanguage":"fr-FR"}]}},"_links":{"self":[{"href":"https:\/\/maldasingularhotel.com\/fr\/wp-json\/wp\/v2\/pages\/3819","targetHints":{"allow":["GET"]}}],"collection":[{"href":"https:\/\/maldasingularhotel.com\/fr\/wp-json\/wp\/v2\/pages"}],"about":[{"href":"https:\/\/maldasingularhotel.com\/fr\/wp-json\/wp\/v2\/types\/page"}],"author":[{"embeddable":true,"href":"https:\/\/maldasingularhotel.com\/fr\/wp-json\/wp\/v2\/users\/1"}],"replies":[{"embeddable":true,"href":"https:\/\/maldasingularhotel.com\/fr\/wp-json\/wp\/v2\/comments?post=3819"}],"version-history":[{"count":9,"href":"https:\/\/maldasingularhotel.com\/fr\/wp-json\/wp\/v2\/pages\/3819\/revisions"}],"predecessor-version":[{"id":4376,"href":"https:\/\/maldasingularhotel.com\/fr\/wp-json\/wp\/v2\/pages\/3819\/revisions\/4376"}],"wp:attachment":[{"href":"https:\/\/maldasingularhotel.com\/fr\/wp-json\/wp\/v2\/media?parent=3819"}],"curies":[{"name":"wp","href":"https:\/\/api.w.org\/{rel}","templated":true}]}}